{"id":30540,"date":"2020-10-26T16:54:41","date_gmt":"2020-10-26T15:54:41","guid":{"rendered":"https:\/\/homepage-angebot.de\/?page_id=30540"},"modified":"2024-11-20T16:05:06","modified_gmt":"2024-11-20T15:05:06","slug":"kontakt","status":"publish","type":"page","link":"https:\/\/cybershield-consulting.com\/ar\/kontakt\/","title":{"rendered":"\u0627\u062a\u0635\u0644 \u0628\u0646\u0627"},"content":{"rendered":"<div class=\"wpb-content-wrapper\"><div class=\"vc_row wpb_row vc_row-fluid headhero vc_custom_1711012529825 vc_row-o-content-bottom vc_row-flex wpex-vc-full-width-row wpex-relative wpex-vc_row-has-fill wpex-vc-reset-negative-margin\" style=\"min-height:40vh;background-position:50% 70%!important;background-size:cover!important;\"><div class=\"wpb_column vc_column_container vc_col-sm-12\"><div class=\"vc_column-inner\"><div class=\"wpb_wrapper\"><div class=\"vcex-spacing wpex-w-100 wpex-clear\" style=\"height:40px;\"><\/div><\/div><\/div><\/div><\/div><div class=\"vc_row wpb_row vc_row-fluid vc_row-o-equal-height vc_row-o-content-middle vc_row-flex wpex-vc-full-width-row wpex-vc-full-width-row--centered wpex-relative bg-fixed-top wpex-vc-bg-fixed wpex-vc-bg-top\" style=\"background-position:50% 0%!important;background-size:cover!important;\"><div class=\"wpb_column vc_column_container vc_col-sm-12\"><div class=\"vc_column-inner\"><div class=\"wpb_wrapper\"><div class=\"vcex-spacing wpex-w-100 wpex-clear\" style=\"height:40px;\"><\/div>\n\t<div style=\"font-size:15px;font-weight:600;text-align:center;\" class=\"wpb_text_column wpb_content_element\" >\n\t\t<div class=\"wpb_wrapper\">\n\t\t\t<p>WIR SIND F\u00dcR SIE DA<\/p>\n\n\t\t<\/div>\n\t<\/div>\n<div class=\"vcex-spacing wpex-w-100 wpex-clear\" style=\"height:20px;\"><\/div><div class=\"vc_separator wpb_content_element vc_separator_align_center vc_sep_width_20 vc_sep_border_width_4 vc_sep_pos_align_center vc_separator_no_text wpb_content_element  wpb_content_element wpb_animate_when_almost_visible wpb_fadeIn fadeIn wpb_animate_when_almost_visible wpb_fadeIn fadeIn\" ><span class=\"vc_sep_holder vc_sep_holder_l\"><span style=\"border-color:#bebfcd;\" class=\"vc_sep_line\"><\/span><\/span><span class=\"vc_sep_holder vc_sep_holder_r\"><span style=\"border-color:#bebfcd;\" class=\"vc_sep_line\"><\/span><\/span>\n<\/div><div class=\"vcex-spacing wpex-w-100 wpex-clear\" style=\"height:20px;\"><\/div><style>.vcex-heading.vcex_6a01c891b5643{animation-duration:2s;}<\/style><h1 class=\"vcex-heading vcex-heading-plain vcex-module wpex-heading wpex-text-2xl wpex-text-center  wpb_animate_when_almost_visible wpb_fadeInUp fadeInUp vcex_6a01c891b5643\"><span class=\"vcex-heading-inner wpex-inline-block\">Kontakt<\/span><\/h1><div class=\"vcex-spacing wpex-w-100 wpex-clear\" style=\"height:20px;\"><\/div><style>.vcex-heading.vcex_6a01c891b5ab5{animation-duration:2s;}<\/style><h2 class=\"vcex-heading vcex-heading-plain vcex-module wpex-heading wpex-text-2xl wpex-text-center vcex_6a01c891b5ab5\"><span class=\"vcex-heading-inner wpex-inline-block\">Sie haben Fragen oder ben\u00f6tigen Informationen?<\/span><\/h2><\/div><\/div><\/div><\/div><div class=\"vc_row wpb_row vc_row-fluid vc_row-o-equal-height vc_row-o-content-middle vc_row-flex wpex-vc-full-width-row wpex-vc-full-width-row--centered wpex-relative bg-fixed-top wpex-vc-bg-fixed wpex-vc-bg-top\" style=\"background-position:50% 0%!important;background-size:cover!important;\"><div class=\"wpb_column vc_column_container vc_col-sm-12\"><div class=\"vc_column-inner\"><div class=\"wpb_wrapper\"><div class=\"vcex-spacing wpex-w-100 wpex-clear\" style=\"height:40px;\"><\/div><\/div><\/div><\/div><\/div><div class=\"vc_row wpb_row vc_row-fluid kontaktcont vc_row-o-equal-height vc_row-o-content-top vc_row-flex wpex-relative\" style=\"background-position:50% 50%!important;background-size:cover!important;\"><div class=\"wpb_column leftkont vc_column_container vc_col-sm-4\"><div class=\"vc_column-inner\"><div class=\"wpb_wrapper\"><div class=\"vcex-spacing wpex-w-100 wpex-clear\" style=\"height:20px;\"><\/div>\n\t<div style=\"color:#ffffff;\" class=\"wpb_text_column has-custom-color wpex-child-inherit-color wpb_content_element\" >\n\t\t<div class=\"wpb_wrapper\">\n\t\t\t<div class=\"wpb_text_column has-custom-color wpex-child-inherit-color wpb_content_element \">\n<div class=\"wpb_wrapper\">\n<p>Nehmen Sie Kontakt zu uns auf. Wir bearbeiten jede Anfrage schnellstm\u00f6glich und melden uns bei Ihnen.<\/p>\n<\/div>\n<\/div>\n\n\t\t<\/div>\n\t<\/div>\n<div class=\"vcex-spacing wpex-w-100 wpex-clear\" style=\"height:50px;\"><\/div>\n\t<div style=\"color:#ffffff;font-weight:700;\" class=\"wpb_text_column has-custom-color wpex-child-inherit-color wpb_content_element\" >\n\t\t<div class=\"wpb_wrapper\">\n\t\t\t<p>Kontakt<\/p>\n\n\t\t<\/div>\n\t<\/div>\n<div class=\"vcex-spacing wpex-w-100 wpex-clear\" style=\"height:20px;\"><\/div><style>.vcex-icon-box.vcex_6a01c891b67d9 .vcex-icon-box-content{color:#ffffff;}.vcex-icon-box.vcex_6a01c891b67d9 .vcex-icon-box-icon{color:#ffffff;}.vcex-icon-box.vcex_6a01c891b67d9 .vcex-icon-box-symbol{width:25px;}<\/style><div class=\"vcex-module vcex-icon-box vcex-icon-box-one wpex-flex wpex-text-left vc_custom_1729245675787 vcex_6a01c891b67d9\"><div class=\"vcex-icon-box-symbol vcex-icon-box-symbol--icon wpex-flex-shrink-0 wpex-mr-20\"><div class=\"vcex-icon-box-icon wpex-items-center wpex-justify-center wpex-child-inherit-color wpex-text-center wpex-leading-none wpex-flex wpex-w-100 wpex-text-1\"><span class=\"wpex-flex wpex-icon\" aria-hidden=\"true\"><svg xmlns=\"http:\/\/www.w3.org\/2000\/svg\" viewBox=\"0 0 32 32\"><path d=\"M26.321 16.304l0.696 0.911q0.143 0.196 0.116 0.42t-0.205 0.366q-0.768 0.607-2.259 1.759t-2.616 2.018-1.196 0.92q-0.696 0.571-1.071 0.857t-1.080 0.732-1.366 0.652-1.321 0.205h-0.036q-0.661 0-1.321-0.205t-1.357-0.652-1.089-0.741-1.071-0.848q-0.089-0.071-1.161-0.902t-2.563-1.982-2.188-1.688q-0.196-0.143-0.223-0.366t0.116-0.42l0.661-0.929q0.143-0.196 0.384-0.232t0.438 0.125q1.679 1.304 5.464 4.214 0.089 0.071 0.777 0.625t1.080 0.83 1.009 0.58 1.045 0.304h0.036q0.429 0 1.045-0.304t1.009-0.58 1.080-0.83 0.777-0.625q4.607-3.536 5.589-4.321 0.196-0.143 0.429-0.116t0.375 0.223zM29.714 29.143v-16.571q-1.607-1.482-2.839-2.482-1.625-1.321-6.946-5.429-0.054-0.036-0.768-0.625t-1.089-0.857-1-0.58-1.054-0.313h-0.036q-0.429 0-1.054 0.313t-1 0.58-1.089 0.857-0.768 0.625q-3.839 2.964-5.634 4.384t-2.313 1.857-1.464 1.33q-0.25 0.214-0.375 0.339v16.571q0 0.232 0.17 0.402t0.402 0.17h26.286q0.232 0 0.402-0.17t0.17-0.402zM32 12.571v16.571q0 1.179-0.839 2.018t-2.018 0.839h-26.286q-1.179 0-2.018-0.839t-0.839-2.018v-16.571q0-1 0.732-1.679 2.196-2.036 6.25-5.188t4.161-3.241q0.643-0.536 1.054-0.848t1.098-0.75 1.357-0.652 1.33-0.214h0.036q0.661 0 1.33 0.214t1.357 0.652 1.098 0.75 1.054 0.848q0.768 0.643 2.786 2.179t4.036 3.161 3.589 3.089q0.732 0.679 0.732 1.679z\"><\/path><\/svg><\/span><\/div><\/div><div class=\"vcex-icon-box-text wpex-flex-grow\"><div class=\"vcex-icon-box-content wpex-last-mb-0 wpex-clr\"><p>info@cybershield-consulting.com<\/p>\n<\/div><\/div><\/div><div class=\"vcex-spacing wpex-w-100 wpex-clear\" style=\"height:20px;\"><\/div><style>.vcex-icon-box.vcex_6a01c891b6d48 .vcex-icon-box-content{color:#ffffff;}.vcex-icon-box.vcex_6a01c891b6d48 .vcex-icon-box-icon{color:#ffffff;}.vcex-icon-box.vcex_6a01c891b6d48 .vcex-icon-box-symbol{width:25px;}<\/style><div class=\"vcex-module vcex-icon-box vcex-icon-box-one wpex-flex wpex-text-left vcex_6a01c891b6d48\"><div class=\"vcex-icon-box-symbol vcex-icon-box-symbol--icon wpex-flex-shrink-0 wpex-mr-20\"><div class=\"vcex-icon-box-icon wpex-items-center wpex-justify-center wpex-child-inherit-color wpex-text-center wpex-leading-none wpex-flex wpex-w-100 wpex-text-1\"><span class=\"wpex-flex wpex-icon\" aria-hidden=\"true\"><svg xmlns=\"http:\/\/www.w3.org\/2000\/svg\" viewBox=\"0 0 18 32\"><path d=\"M13.714 11.429q0-1.893-1.339-3.232t-3.232-1.339-3.232 1.339-1.339 3.232 1.339 3.232 3.232 1.339 3.232-1.339 1.339-3.232zM18.286 11.429q0 1.946-0.589 3.196l-6.5 13.821q-0.286 0.589-0.848 0.929t-1.205 0.339-1.205-0.339-0.83-0.929l-6.518-13.821q-0.589-1.25-0.589-3.196 0-3.786 2.679-6.464t6.464-2.679 6.464 2.679 2.679 6.464z\"><\/path><\/svg><\/span><\/div><\/div><div class=\"vcex-icon-box-text wpex-flex-grow\"><div class=\"vcex-icon-box-content wpex-last-mb-0 wpex-clr\"><div class=\"QpPSMb\">\n<div class=\"DoxwDb\">\n<div class=\"PZPZlf ssJ7i xgAzOe\" role=\"heading\" data-attrid=\"title\">MAFINEX Technologiezentrum<\/div>\n<\/div>\n<\/div>\n<div class=\"nwVKo\">Julius-Hatry-Stra\u00dfe 1<\/div>\n<div class=\"nwVKo\">68163 Mannheim Germany<\/div>\n<\/div><\/div><\/div><style>.vcex-icon-box.vcex_6a01c891b7266 .vcex-icon-box-content{color:#ffffff;}.vcex-icon-box.vcex_6a01c891b7266 .vcex-icon-box-icon{color:#ffffff;}.vcex-icon-box.vcex_6a01c891b7266 .vcex-icon-box-symbol{width:25px;}<\/style><a class=\"vcex-module vcex-icon-box vcex-icon-box-one vcex-icon-box-has-link wpex-inherit-color wpex-no-underline wpex-flex wpex-text-left vc_custom_1729245640920 vcex_6a01c891b7266\" href=\"https:\/\/www.linkedin.com\/company\/cybershield-gmbh\" target=\"_blank\" rel=\"noopener noreferrer\"><div class=\"vcex-icon-box-symbol vcex-icon-box-symbol--icon wpex-flex-shrink-0 wpex-mr-20\"><div class=\"vcex-icon-box-icon wpex-items-center wpex-justify-center wpex-child-inherit-color wpex-text-center wpex-leading-none wpex-flex wpex-w-100 wpex-text-1\"><span class=\"wpex-flex wpex-icon\" aria-hidden=\"true\"><svg xmlns=\"http:\/\/www.w3.org\/2000\/svg\" viewBox=\"0 0 448 512\"><path d=\"M100.3 448H7.4V148.9h92.9zM53.8 108.1C24.1 108.1 0 83.5 0 53.8a53.8 53.8 0 0 1 107.6 0c0 29.7-24.1 54.3-53.8 54.3zM447.9 448h-92.7V302.4c0-34.7-.7-79.2-48.3-79.2-48.3 0-55.7 37.7-55.7 76.7V448h-92.8V148.9h89.1v40.8h1.3c12.4-23.5 42.7-48.3 87.9-48.3 94 0 111.3 61.9 111.3 142.3V448z\"\/><\/svg><\/span><\/div><\/div><div class=\"vcex-icon-box-text wpex-flex-grow\"><div class=\"vcex-icon-box-content wpex-last-mb-0 wpex-clr\"><p>Folgen Sie uns auf Social Media!<\/p>\n<\/div><\/div><\/a><\/div><\/div><\/div><div class=\"wpb_column rightkont vc_column_container vc_col-sm-8\"><div class=\"vc_column-inner\"><div class=\"wpb_wrapper\"><div class=\"wpforms-container wpforms-container-full\" id=\"wpforms-31279\"><form id=\"wpforms-form-31279\" class=\"wpforms-validate wpforms-form wpforms-ajax-form\" data-formid=\"31279\" method=\"post\" enctype=\"multipart\/form-data\" action=\"\/ar\/wp-json\/wp\/v2\/pages\/30540\" data-token=\"e3d5e4c24a3bcbafd92a56c9d5cf39f0\" data-token-time=\"1778501777\"><noscript class=\"wpforms-error-noscript\">Please enable JavaScript in your browser to complete this form.<\/noscript><div class=\"wpforms-field-container\"><div id=\"wpforms-31279-field_1-container\" class=\"wpforms-field wpforms-field-name wpforms-one-half wpforms-first\" data-field-id=\"1\"><label class=\"wpforms-field-label\" for=\"wpforms-31279-field_1\">Name <span class=\"wpforms-required-label\">*<\/span><\/label><input type=\"text\" id=\"wpforms-31279-field_1\" class=\"wpforms-field-large wpforms-field-required\" name=\"wpforms[fields][1]\" placeholder=\"Max Mustermann*\" required><\/div><div id=\"wpforms-31279-field_2-container\" class=\"wpforms-field wpforms-field-email wpforms-one-half\" data-field-id=\"2\"><label class=\"wpforms-field-label\" for=\"wpforms-31279-field_2\">E-Mail <span class=\"wpforms-required-label\">*<\/span><\/label><input type=\"email\" id=\"wpforms-31279-field_2\" class=\"wpforms-field-large wpforms-field-required\" name=\"wpforms[fields][2]\" placeholder=\"name@email.de*\" spellcheck=\"false\" required><\/div><div id=\"wpforms-31279-field_3-container\" class=\"wpforms-field wpforms-field-text wpforms-one-half wpforms-first\" data-field-id=\"3\"><label class=\"wpforms-field-label\" for=\"wpforms-31279-field_3\">Betreff <span class=\"wpforms-required-label\">*<\/span><\/label><input type=\"text\" id=\"wpforms-31279-field_3\" class=\"wpforms-field-large wpforms-field-required\" name=\"wpforms[fields][3]\" placeholder=\"Infos bekommen*\" required><\/div><div id=\"wpforms-31279-field_6-container\" class=\"wpforms-field wpforms-field-text wpforms-one-half\" data-field-id=\"6\"><label class=\"wpforms-field-label\" for=\"wpforms-31279-field_6\">Telefonnummer<\/label><input type=\"text\" id=\"wpforms-31279-field_6\" class=\"wpforms-field-large\" name=\"wpforms[fields][6]\" placeholder=\"0123 4567 8910\" ><\/div><div id=\"wpforms-31279-field_4-container\" class=\"wpforms-field wpforms-field-textarea\" data-field-id=\"4\"><label class=\"wpforms-field-label\" for=\"wpforms-31279-field_4\">Nachricht<\/label><textarea id=\"wpforms-31279-field_4\" class=\"wpforms-field-large\" name=\"wpforms[fields][4]\" placeholder=\"Ihre Nachricht\" ><\/textarea><\/div><div id=\"wpforms-31279-field_5-container\" class=\"wpforms-field wpforms-field-checkbox\" data-field-id=\"5\"><label class=\"wpforms-field-label wpforms-label-hide\">Datenschutz <span class=\"wpforms-required-label\">*<\/span><\/label><ul id=\"wpforms-31279-field_5\" class=\"wpforms-field-required\"><li class=\"choice-1 depth-1\"><input type=\"checkbox\" id=\"wpforms-31279-field_5_1\" name=\"wpforms[fields][5][]\" value=\"Die Kenntnisnahme der &lt;a href=&quot;https:\/\/cybershield-consulting.com\/datenschutz&quot;&gt;Datenschutzerkl\u00e4rung&lt;\/a&gt; wird best\u00e4tigt und akzeptiert*\" required ><label class=\"wpforms-field-label-inline\" for=\"wpforms-31279-field_5_1\">Die Kenntnisnahme der <a href=\"https:\/\/cybershield-consulting.com\/datenschutz\">Datenschutzerkl\u00e4rung<\/a> wird best\u00e4tigt und akzeptiert*<\/label><\/li><\/ul><\/div><\/div><!-- .wpforms-field-container --><div class=\"wpforms-submit-container\" ><input type=\"hidden\" name=\"wpforms[id]\" value=\"31279\"><input type=\"hidden\" name=\"page_title\" value=\"\"><input type=\"hidden\" name=\"page_url\" value=\"https:\/\/cybershield-consulting.com\/ar\/wp-json\/wp\/v2\/pages\/30540\"><input type=\"hidden\" name=\"url_referer\" value=\"\"><button type=\"submit\" name=\"wpforms[submit]\" id=\"wpforms-submit-31279\" class=\"wpforms-submit\" data-alt-text=\"Senden\u2026\" data-submit-text=\"Absenden\" aria-live=\"assertive\" value=\"wpforms-submit\">Absenden<\/button><img src=\"https:\/\/cybershield-consulting.com\/wp-content\/plugins\/wpforms\/assets\/images\/submit-spin.svg\" class=\"wpforms-submit-spinner\" style=\"display: none;\" width=\"26\" height=\"26\" alt=\"Loading\"><\/div><\/form><\/div>  <!-- .wpforms-container --><\/div><\/div><\/div><\/div><div class=\"vc_row wpb_row vc_row-fluid wpex-relative\"><div class=\"wpb_column vc_column_container vc_col-sm-12\"><div class=\"vc_column-inner\"><div class=\"wpb_wrapper\"><div class=\"vcex-spacing wpex-w-100 wpex-clear\" style=\"height:50px;\"><\/div><style>.vcex-image.vcex_6a01c891b8c61{animation-duration:2s;}<\/style><figure class=\"vcex-image vcex-module wpex-text-center  wpb_animate_when_almost_visible wpb_fadeInUp fadeInUp vcex_6a01c891b8c61\"><div class=\"vcex-image-inner wpex-relative wpex-inline-block\"><img width=\"300\" height=\"72\" src=\"https:\/\/cybershield-consulting.com\/wp-content\/uploads\/2024\/11\/logo_coloredwhite_300width.png\" class=\"vcex-image-img wpex-align-middle\" alt=\"\" loading=\"lazy\" decoding=\"async\" srcset=\"https:\/\/cybershield-consulting.com\/wp-content\/uploads\/2024\/11\/logo_coloredwhite_300width.png 300w, https:\/\/cybershield-consulting.com\/wp-content\/uploads\/2024\/11\/logo_coloredwhite_300width-18x4.png 18w\" sizes=\"auto, (max-width: 300px) 100vw, 300px\" \/><\/div><\/figure><div class=\"vcex-spacing wpex-w-100 wpex-clear\" style=\"height:50px;\"><\/div><\/div><\/div><\/div><\/div>\n<\/div>","protected":false},"excerpt":{"rendered":"WIR SIND F\u00dcR SIE DA KontaktSie haben Fragen oder ben\u00f6tigen Informationen? Nehmen Sie Kontakt zu uns auf. Wir bearbeiten jede Anfrage schnellstm\u00f6glich und melden uns bei Ihnen. Kontakt info@cybershield-consulting.com MAFINEX Technologiezentrum Julius-Hatry-Stra\u00dfe 1 68163 Mannheim Germany Folgen Sie uns auf Social Media! Please enable JavaScript in your browser to complete this form.Name *E-Mail *Betreff *TelefonnummerNachrichtDatenschutz&hellip;","protected":false},"author":5,"featured_media":31816,"parent":0,"menu_order":0,"comment_status":"closed","ping_status":"closed","template":"","meta":{"content-type":"","footnotes":""},"class_list":["post-30540","page","type-page","status-publish","has-post-thumbnail","hentry","entry","has-media"],"yoast_head":"<!-- This site is optimized with the Yoast SEO plugin v27.5 - https:\/\/yoast.com\/product\/yoast-seo-wordpress\/ -->\n<title>Kontakt - OT \u2013 CyberSecurity<\/title>\n<meta name=\"robots\" content=\"index, follow, max-snippet:-1, max-image-preview:large, max-video-preview:-1\" \/>\n<link rel=\"canonical\" href=\"https:\/\/cybershield-consulting.com\/ar\/kontakt\/\" \/>\n<meta property=\"og:locale\" content=\"ar_AR\" \/>\n<meta property=\"og:type\" content=\"article\" \/>\n<meta property=\"og:title\" content=\"Kontakt - OT \u2013 CyberSecurity\" \/>\n<meta property=\"og:url\" content=\"https:\/\/cybershield-consulting.com\/ar\/kontakt\/\" \/>\n<meta property=\"og:site_name\" content=\"OT \u2013 CyberSecurity\" \/>\n<meta property=\"article:modified_time\" content=\"2024-11-20T15:05:06+00:00\" \/>\n<meta property=\"og:image\" content=\"https:\/\/cybershield-consulting.com\/wp-content\/uploads\/2022\/05\/kontakt_1920home.webp\" \/>\n\t<meta property=\"og:image:width\" content=\"1920\" \/>\n\t<meta property=\"og:image:height\" content=\"1020\" \/>\n\t<meta property=\"og:image:type\" content=\"image\/webp\" \/>\n<meta name=\"twitter:card\" content=\"summary_large_image\" \/>\n<meta name=\"twitter:label1\" content=\"\u0648\u0642\u062a \u0627\u0644\u0642\u0631\u0627\u0621\u0629 \u0627\u0644\u0645\u064f\u0642\u062f\u0651\u0631\" \/>\n\t<meta name=\"twitter:data1\" content=\"\u062f\u0642\u064a\u0642\u062a\u0627\u0646\" \/>\n<script type=\"application\/ld+json\" class=\"yoast-schema-graph\">{\"@context\":\"https:\\\/\\\/schema.org\",\"@graph\":[{\"@type\":\"WebPage\",\"@id\":\"https:\\\/\\\/cybershield-consulting.com\\\/kontakt\\\/\",\"url\":\"https:\\\/\\\/cybershield-consulting.com\\\/kontakt\\\/\",\"name\":\"Kontakt - OT \u2013 CyberSecurity\",\"isPartOf\":{\"@id\":\"https:\\\/\\\/cybershield-consulting.com\\\/#website\"},\"primaryImageOfPage\":{\"@id\":\"https:\\\/\\\/cybershield-consulting.com\\\/kontakt\\\/#primaryimage\"},\"image\":{\"@id\":\"https:\\\/\\\/cybershield-consulting.com\\\/kontakt\\\/#primaryimage\"},\"thumbnailUrl\":\"https:\\\/\\\/cybershield-consulting.com\\\/wp-content\\\/uploads\\\/2022\\\/05\\\/kontakt_1920home.webp\",\"datePublished\":\"2020-10-26T15:54:41+00:00\",\"dateModified\":\"2024-11-20T15:05:06+00:00\",\"breadcrumb\":{\"@id\":\"https:\\\/\\\/cybershield-consulting.com\\\/kontakt\\\/#breadcrumb\"},\"inLanguage\":\"ar\",\"potentialAction\":[{\"@type\":\"ReadAction\",\"target\":[\"https:\\\/\\\/cybershield-consulting.com\\\/kontakt\\\/\"]}]},{\"@type\":\"ImageObject\",\"inLanguage\":\"ar\",\"@id\":\"https:\\\/\\\/cybershield-consulting.com\\\/kontakt\\\/#primaryimage\",\"url\":\"https:\\\/\\\/cybershield-consulting.com\\\/wp-content\\\/uploads\\\/2022\\\/05\\\/kontakt_1920home.webp\",\"contentUrl\":\"https:\\\/\\\/cybershield-consulting.com\\\/wp-content\\\/uploads\\\/2022\\\/05\\\/kontakt_1920home.webp\",\"width\":1920,\"height\":1020},{\"@type\":\"BreadcrumbList\",\"@id\":\"https:\\\/\\\/cybershield-consulting.com\\\/kontakt\\\/#breadcrumb\",\"itemListElement\":[{\"@type\":\"ListItem\",\"position\":1,\"name\":\"Startseite\",\"item\":\"https:\\\/\\\/cybershield-consulting.com\\\/\"},{\"@type\":\"ListItem\",\"position\":2,\"name\":\"Kontakt\"}]},{\"@type\":\"WebSite\",\"@id\":\"https:\\\/\\\/cybershield-consulting.com\\\/#website\",\"url\":\"https:\\\/\\\/cybershield-consulting.com\\\/\",\"name\":\"CyberShield - OT - CyberSecurity\",\"description\":\"Secure every Moment\",\"publisher\":{\"@id\":\"https:\\\/\\\/cybershield-consulting.com\\\/#organization\"},\"potentialAction\":[{\"@type\":\"SearchAction\",\"target\":{\"@type\":\"EntryPoint\",\"urlTemplate\":\"https:\\\/\\\/cybershield-consulting.com\\\/?s={search_term_string}\"},\"query-input\":{\"@type\":\"PropertyValueSpecification\",\"valueRequired\":true,\"valueName\":\"search_term_string\"}}],\"inLanguage\":\"ar\"},{\"@type\":\"Organization\",\"@id\":\"https:\\\/\\\/cybershield-consulting.com\\\/#organization\",\"name\":\"CyberShield\",\"url\":\"https:\\\/\\\/cybershield-consulting.com\\\/\",\"logo\":{\"@type\":\"ImageObject\",\"inLanguage\":\"ar\",\"@id\":\"https:\\\/\\\/cybershield-consulting.com\\\/#\\\/schema\\\/logo\\\/image\\\/\",\"url\":\"https:\\\/\\\/cybershield-consulting.com\\\/wp-content\\\/uploads\\\/2024\\\/11\\\/logo_coloredwhite_300width.png\",\"contentUrl\":\"https:\\\/\\\/cybershield-consulting.com\\\/wp-content\\\/uploads\\\/2024\\\/11\\\/logo_coloredwhite_300width.png\",\"width\":300,\"height\":72,\"caption\":\"CyberShield\"},\"image\":{\"@id\":\"https:\\\/\\\/cybershield-consulting.com\\\/#\\\/schema\\\/logo\\\/image\\\/\"},\"sameAs\":[\"https:\\\/\\\/linkedin.com\\\/company\\\/cybershield-gmbh\\\/\"]}]}<\/script>\n<!-- \/ Yoast SEO plugin. -->","yoast_head_json":{"title":"Kontakt - OT \u2013 CyberSecurity","robots":{"index":"index","follow":"follow","max-snippet":"max-snippet:-1","max-image-preview":"max-image-preview:large","max-video-preview":"max-video-preview:-1"},"canonical":"https:\/\/cybershield-consulting.com\/ar\/kontakt\/","og_locale":"ar_AR","og_type":"article","og_title":"Kontakt - OT \u2013 CyberSecurity","og_url":"https:\/\/cybershield-consulting.com\/ar\/kontakt\/","og_site_name":"OT \u2013 CyberSecurity","article_modified_time":"2024-11-20T15:05:06+00:00","og_image":[{"width":1920,"height":1020,"url":"https:\/\/cybershield-consulting.com\/wp-content\/uploads\/2022\/05\/kontakt_1920home.webp","type":"image\/webp"}],"twitter_card":"summary_large_image","twitter_misc":{"\u0648\u0642\u062a \u0627\u0644\u0642\u0631\u0627\u0621\u0629 \u0627\u0644\u0645\u064f\u0642\u062f\u0651\u0631":"\u062f\u0642\u064a\u0642\u062a\u0627\u0646"},"schema":{"@context":"https:\/\/schema.org","@graph":[{"@type":"WebPage","@id":"https:\/\/cybershield-consulting.com\/kontakt\/","url":"https:\/\/cybershield-consulting.com\/kontakt\/","name":"Kontakt - OT \u2013 CyberSecurity","isPartOf":{"@id":"https:\/\/cybershield-consulting.com\/#website"},"primaryImageOfPage":{"@id":"https:\/\/cybershield-consulting.com\/kontakt\/#primaryimage"},"image":{"@id":"https:\/\/cybershield-consulting.com\/kontakt\/#primaryimage"},"thumbnailUrl":"https:\/\/cybershield-consulting.com\/wp-content\/uploads\/2022\/05\/kontakt_1920home.webp","datePublished":"2020-10-26T15:54:41+00:00","dateModified":"2024-11-20T15:05:06+00:00","breadcrumb":{"@id":"https:\/\/cybershield-consulting.com\/kontakt\/#breadcrumb"},"inLanguage":"ar","potentialAction":[{"@type":"ReadAction","target":["https:\/\/cybershield-consulting.com\/kontakt\/"]}]},{"@type":"ImageObject","inLanguage":"ar","@id":"https:\/\/cybershield-consulting.com\/kontakt\/#primaryimage","url":"https:\/\/cybershield-consulting.com\/wp-content\/uploads\/2022\/05\/kontakt_1920home.webp","contentUrl":"https:\/\/cybershield-consulting.com\/wp-content\/uploads\/2022\/05\/kontakt_1920home.webp","width":1920,"height":1020},{"@type":"BreadcrumbList","@id":"https:\/\/cybershield-consulting.com\/kontakt\/#breadcrumb","itemListElement":[{"@type":"ListItem","position":1,"name":"Startseite","item":"https:\/\/cybershield-consulting.com\/"},{"@type":"ListItem","position":2,"name":"Kontakt"}]},{"@type":"WebSite","@id":"https:\/\/cybershield-consulting.com\/#website","url":"https:\/\/cybershield-consulting.com\/","name":"CyberShield - OT - CyberSecurity","description":"\u0623\u0645\u0646 \u0643\u0644 \u0644\u062d\u0638\u0629","publisher":{"@id":"https:\/\/cybershield-consulting.com\/#organization"},"potentialAction":[{"@type":"SearchAction","target":{"@type":"EntryPoint","urlTemplate":"https:\/\/cybershield-consulting.com\/?s={search_term_string}"},"query-input":{"@type":"PropertyValueSpecification","valueRequired":true,"valueName":"search_term_string"}}],"inLanguage":"ar"},{"@type":"Organization","@id":"https:\/\/cybershield-consulting.com\/#organization","name":"\u0633\u0627\u064a\u0628\u0631 \u0634\u064a\u0644\u062f","url":"https:\/\/cybershield-consulting.com\/","logo":{"@type":"ImageObject","inLanguage":"ar","@id":"https:\/\/cybershield-consulting.com\/#\/schema\/logo\/image\/","url":"https:\/\/cybershield-consulting.com\/wp-content\/uploads\/2024\/11\/logo_coloredwhite_300width.png","contentUrl":"https:\/\/cybershield-consulting.com\/wp-content\/uploads\/2024\/11\/logo_coloredwhite_300width.png","width":300,"height":72,"caption":"CyberShield"},"image":{"@id":"https:\/\/cybershield-consulting.com\/#\/schema\/logo\/image\/"},"sameAs":["https:\/\/linkedin.com\/company\/cybershield-gmbh\/"]}]}},"_links":{"self":[{"href":"https:\/\/cybershield-consulting.com\/ar\/wp-json\/wp\/v2\/pages\/30540","targetHints":{"allow":["GET"]}}],"collection":[{"href":"https:\/\/cybershield-consulting.com\/ar\/wp-json\/wp\/v2\/pages"}],"about":[{"href":"https:\/\/cybershield-consulting.com\/ar\/wp-json\/wp\/v2\/types\/page"}],"author":[{"embeddable":true,"href":"https:\/\/cybershield-consulting.com\/ar\/wp-json\/wp\/v2\/users\/5"}],"replies":[{"embeddable":true,"href":"https:\/\/cybershield-consulting.com\/ar\/wp-json\/wp\/v2\/comments?post=30540"}],"version-history":[{"count":8,"href":"https:\/\/cybershield-consulting.com\/ar\/wp-json\/wp\/v2\/pages\/30540\/revisions"}],"predecessor-version":[{"id":34053,"href":"https:\/\/cybershield-consulting.com\/ar\/wp-json\/wp\/v2\/pages\/30540\/revisions\/34053"}],"wp:featuredmedia":[{"embeddable":true,"href":"https:\/\/cybershield-consulting.com\/ar\/wp-json\/wp\/v2\/media\/31816"}],"wp:attachment":[{"href":"https:\/\/cybershield-consulting.com\/ar\/wp-json\/wp\/v2\/media?parent=30540"}],"curies":[{"name":"wp","href":"https:\/\/api.w.org\/{rel}","templated":true}]}}