{"id":31772,"date":"2024-03-19T15:15:41","date_gmt":"2024-03-19T14:15:41","guid":{"rendered":"https:\/\/dev7.homepage-balingen.de\/?page_id=31772"},"modified":"2024-11-20T16:00:50","modified_gmt":"2024-11-20T15:00:50","slug":"bereiche","status":"publish","type":"page","link":"https:\/\/cybershield-consulting.com\/ar\/bereiche\/","title":{"rendered":"\u0627\u0644\u0645\u062c\u0627\u0644\u0627\u062a"},"content":{"rendered":"<div class=\"wpb-content-wrapper\"><div class=\"vc_row wpb_row vc_row-fluid headhero vc_custom_1709650161112 vc_row-o-content-bottom vc_row-flex wpex-vc-full-width-row wpex-relative wpex-vc_row-has-fill wpex-vc-reset-negative-margin\" style=\"min-height:40vh;background-position:50% 100%!important;background-size:cover!important;\"><div class=\"wpb_column vc_column_container vc_col-sm-12\"><div class=\"vc_column-inner\"><div class=\"wpb_wrapper\"><div class=\"vcex-spacing wpex-w-100 wpex-clear\" style=\"height:40px;\"><\/div><\/div><\/div><\/div><\/div><div class=\"vc_row wpb_row vc_row-fluid vc_row-o-equal-height vc_row-o-content-middle vc_row-flex wpex-vc-full-width-row wpex-vc-full-width-row--centered wpex-relative bg-fixed-top wpex-vc-bg-fixed wpex-vc-bg-top\" style=\"background-position:50% 0%!important;background-size:cover!important;\"><div class=\"wpb_column vc_column_container vc_col-sm-12\"><div class=\"vc_column-inner\"><div class=\"wpb_wrapper\"><div class=\"vcex-spacing wpex-w-100 wpex-clear\" style=\"height:40px;\"><\/div>\n\t<div style=\"font-size:15px;font-weight:600;text-align:center;\" class=\"wpb_text_column wpb_content_element\" >\n\t\t<div class=\"wpb_wrapper\">\n\t\t\t<p>\u0647\u0630\u0627 \u0645\u0627 \u0646\u0642\u062f\u0645\u0647 \u0644\u0643<\/p>\n\n\t\t<\/div>\n\t<\/div>\n<div class=\"vcex-spacing wpex-w-100 wpex-clear\" style=\"height:20px;\"><\/div><div class=\"vc_separator wpb_content_element vc_separator_align_center vc_sep_width_20 vc_sep_border_width_4 vc_sep_pos_align_center vc_separator_no_text wpb_content_element  wpb_content_element wpb_animate_when_almost_visible wpb_fadeIn fadeIn wpb_animate_when_almost_visible wpb_fadeIn fadeIn\" ><span class=\"vc_sep_holder vc_sep_holder_l\"><span style=\"border-color:#bebfcd;\" class=\"vc_sep_line\"><\/span><\/span><span class=\"vc_sep_holder vc_sep_holder_r\"><span style=\"border-color:#bebfcd;\" class=\"vc_sep_line\"><\/span><\/span>\n<\/div><div class=\"vcex-spacing wpex-w-100 wpex-clear\" style=\"height:20px;\"><\/div><style>.vcex-heading.vcex_69fc44f8d7a3c{animation-duration:2s;}<\/style><h1 class=\"vcex-heading vcex-heading-plain vcex-module wpex-heading wpex-text-2xl wpex-text-center  wpb_animate_when_almost_visible wpb_fadeInUp fadeInUp vcex_69fc44f8d7a3c\"><span class=\"vcex-heading-inner wpex-inline-block\">\u0627\u0644\u0645\u062c\u0627\u0644\u0627\u062a<\/span><\/h1><div class=\"vcex-spacing wpex-w-100 wpex-clear\" style=\"height:20px;\"><\/div>\n\t<div style=\"text-align:center;\" class=\"wpb_text_column wpb_content_element\" >\n\t\t<div class=\"wpb_wrapper\">\n\t\t\t<p><strong>\u0634\u064a\u0626\u0627 \u0641\u0634\u064a\u0626\u0627 \u0623\u0643\u062b\u0631 \u0623\u0645\u0627\u0646\u0627<\/strong><\/p>\n<p>\u0646\u062d\u0646 \u0645\u0632\u0648\u062f \u062e\u062f\u0645\u0627\u062a \u0623\u0645\u0646 \u062a\u0643\u0646\u0648\u0644\u0648\u062c\u064a\u0627 \u0627\u0644\u0645\u0639\u0644\u0648\u0645\u0627\u062a \u0645\u0628\u062a\u0643\u0631 \u0648\u0639\u0645\u0644\u064a \u0645\u0639 \u0627\u0644\u062a\u0631\u0643\u064a\u0632 \u0639\u0644\u0649 \u0627\u0644\u062a\u0642\u0646\u064a\u0627\u062a \u0627\u0644\u062a\u0634\u063a\u064a\u0644\u064a\u0629. \u0628\u0627\u0644\u062a\u0639\u0627\u0648\u0646 \u0645\u0639 \u0639\u0645\u0644\u0627\u0626\u0646\u0627\u060c \u0646\u0636\u0645\u0646 \u0623\u0646 \u064a\u0635\u0628\u062d \u0627\u0644\u0639\u0627\u0644\u0645 (\u0627\u0644\u0635\u0646\u0627\u0639\u064a) \u0623\u0643\u062b\u0631 \u0623\u0645\u0627\u0646\u064b\u0627 \u0634\u064a\u0626\u064b\u0627 \u0641\u0634\u064a\u0626\u064b\u0627. \u0646\u062d\u0646 \u0646\u062f\u0627\u0641\u0639 \u0639\u0646 \u0627\u0644\u062c\u0648\u062f\u0629 \u0627\u0644\u0639\u0627\u0644\u064a\u0629 \u0648\u062a\u0648\u062c\u064a\u0647 \u0627\u0644\u0639\u0645\u0644\u0627\u0621 \u0628\u0627\u0633\u062a\u0645\u0631\u0627\u0631.<\/p>\n\n\t\t<\/div>\n\t<\/div>\n<div class=\"vcex-spacing wpex-w-100 wpex-clear\" style=\"height:40px;\"><\/div><div class=\"vcex-grid-container vcex-module wpex-grid wpex-gap-20 wpex-grid-cols-1 wpex-lg-grid-cols-4 gbox\"><div class=\"vcex-module vcex-teaser wpex-flex wpex-flex-col wpex-text-center\"><div class=\"vcex-teaser-media wpex-mb-20 wpex-text-center\"><a href=\"https:\/\/cybershield-consulting.com\/ar\/bereiche\/transport\/\" class=\"wpex-no-underline\" title=\"Beratung\"><img width=\"900\" height=\"478\" src=\"https:\/\/cybershield-consulting.com\/wp-content\/uploads\/2024\/03\/Railroas_900.webp\" class=\"wpex-align-middle\" alt=\"\" loading=\"lazy\" decoding=\"async\" srcset=\"https:\/\/cybershield-consulting.com\/wp-content\/uploads\/2024\/03\/Railroas_900.webp 900w, https:\/\/cybershield-consulting.com\/wp-content\/uploads\/2024\/03\/Railroas_900-300x159.webp 300w, https:\/\/cybershield-consulting.com\/wp-content\/uploads\/2024\/03\/Railroas_900-768x408.webp 768w, https:\/\/cybershield-consulting.com\/wp-content\/uploads\/2024\/03\/Railroas_900-18x10.webp 18w\" sizes=\"auto, (max-width: 900px) 100vw, 900px\" \/><\/a><\/div><div class=\"vcex-teaser-content\"><h3 class=\"vcex-teaser-heading wpex-heading wpex-text-lg\"><a href=\"https:\/\/cybershield-consulting.com\/ar\/bereiche\/transport\/\" class=\"wpex-no-underline\" title=\"Beratung\">\u0627\u0644\u0646\u0642\u0644 \u0648\u0627\u0644\u0645\u0648\u0627\u0635\u0644\u0627\u062a<\/a><\/h3><div class=\"vcex-teaser-text wpex-mt-10 wpex-last-mb-0 wpex-clr\"><p>\u062a\u0639\u0645\u0644 \u0627\u0644\u0635\u064a\u0627\u0646\u0629 \u0627\u0644\u062a\u0646\u0628\u0624\u064a\u0629 \u0648\u0627\u0644\u0634\u0628\u0643\u0627\u062a \u0648\u0627\u0644\u0631\u0642\u0645\u0646\u0629 \u0639\u0644\u0649 \u0632\u064a\u0627\u062f\u0629 \u0633\u0637\u062d \u0627\u0644\u0647\u062c\u0648\u0645 \u0644\u0623\u0646\u0638\u0645\u0629 \u0627\u0644\u0633\u0643\u0643 \u0627\u0644\u062d\u062f\u064a\u062f\u064a\u0629. \u0646\u062d\u0646 \u0646\u062d\u0645\u064a \u0627\u0644\u0633\u0643\u0643 \u0627\u0644\u062d\u062f\u064a\u062f\u064a\u0629 \u0645\u0646 \u0627\u0644\u062a\u0647\u062f\u064a\u062f\u0627\u062a \u0627\u0644\u062d\u0627\u0644\u064a\u0629 \u0648\u0627\u0644\u0645\u0633\u062a\u0642\u0628\u0644\u064a\u0629.<\/p>\n<\/div><\/div><\/div><div class=\"vcex-module vcex-teaser wpex-flex wpex-flex-col wpex-text-center\"><div class=\"vcex-teaser-media wpex-mb-20 wpex-text-center\"><a href=\"https:\/\/cybershield-consulting.com\/ar\/bereiche\/chemie\/\" class=\"wpex-no-underline\" title=\"Beratung\"><img width=\"900\" height=\"478\" src=\"https:\/\/cybershield-consulting.com\/wp-content\/uploads\/2024\/03\/Chemie_900.webp\" class=\"wpex-align-middle\" alt=\"\" loading=\"lazy\" decoding=\"async\" srcset=\"https:\/\/cybershield-consulting.com\/wp-content\/uploads\/2024\/03\/Chemie_900.webp 900w, https:\/\/cybershield-consulting.com\/wp-content\/uploads\/2024\/03\/Chemie_900-300x159.webp 300w, https:\/\/cybershield-consulting.com\/wp-content\/uploads\/2024\/03\/Chemie_900-768x408.webp 768w, https:\/\/cybershield-consulting.com\/wp-content\/uploads\/2024\/03\/Chemie_900-18x10.webp 18w\" sizes=\"auto, (max-width: 900px) 100vw, 900px\" \/><\/a><\/div><div class=\"vcex-teaser-content\"><h3 class=\"vcex-teaser-heading wpex-heading wpex-text-lg\"><a href=\"https:\/\/cybershield-consulting.com\/ar\/bereiche\/chemie\/\" class=\"wpex-no-underline\" title=\"Beratung\">\u0627\u0644\u0643\u064a\u0645\u064a\u0627\u0621<\/a><\/h3><div class=\"vcex-teaser-text wpex-mt-10 wpex-last-mb-0 wpex-clr\"><p>\u0647\u0644 \u0623\u0646\u062a \u0645\u0647\u062a\u0645 \u0628\u0628\u0646\u0627\u0621 \u0646\u0638\u0627\u0645 \u0625\u062f\u0627\u0631\u0629 \u0623\u0645\u0646 \u0627\u0644\u0645\u0639\u0644\u0648\u0645\u0627\u062a (ISMS) \u0644\u0634\u0631\u0643\u062a\u0643\u061f<\/p>\n<\/div><\/div><\/div><div class=\"vcex-module vcex-teaser wpex-flex wpex-flex-col wpex-text-center\"><div class=\"vcex-teaser-media wpex-mb-20 wpex-text-center\"><a href=\"https:\/\/cybershield-consulting.com\/ar\/leistungen\/security-awareness\/\" class=\"wpex-no-underline\" title=\"Beratung\"><img width=\"900\" height=\"478\" src=\"https:\/\/cybershield-consulting.com\/wp-content\/uploads\/2024\/03\/home-Awareness.webp\" class=\"wpex-align-middle\" alt=\"\" loading=\"lazy\" decoding=\"async\" srcset=\"https:\/\/cybershield-consulting.com\/wp-content\/uploads\/2024\/03\/home-Awareness.webp 900w, https:\/\/cybershield-consulting.com\/wp-content\/uploads\/2024\/03\/home-Awareness-300x159.webp 300w, https:\/\/cybershield-consulting.com\/wp-content\/uploads\/2024\/03\/home-Awareness-768x408.webp 768w, https:\/\/cybershield-consulting.com\/wp-content\/uploads\/2024\/03\/home-Awareness-18x10.webp 18w\" sizes=\"auto, (max-width: 900px) 100vw, 900px\" \/><\/a><\/div><div class=\"vcex-teaser-content\"><h3 class=\"vcex-teaser-heading wpex-heading wpex-text-lg\"><a href=\"https:\/\/cybershield-consulting.com\/ar\/leistungen\/security-awareness\/\" class=\"wpex-no-underline\" title=\"Beratung\">\u0627\u0644\u062a\u0648\u0639\u064a\u0629<\/a><\/h3><div class=\"vcex-teaser-text wpex-mt-10 wpex-last-mb-0 wpex-clr\"><p>\u062a\u0633\u0627\u0639\u062f \u0648\u062d\u062f\u0627\u062a \u0627\u0644\u062a\u0648\u0639\u064a\u0629 \u0627\u0644\u0623\u0645\u0646\u064a\u0629 \u0627\u0644\u0645\u062e\u0635\u0635\u0629 \u0645\u0648\u0638\u0641\u064a\u0643 \u0639\u0644\u0649 \u0641\u0647\u0645 \u0645\u062e\u0627\u0637\u0631 \u0627\u0644\u0647\u062c\u0645\u0627\u062a \u0627\u0644\u0625\u0644\u0643\u062a\u0631\u0648\u0646\u064a\u0629 \u0648\u062a\u062c\u0639\u0644\u0647\u0645 \u062e\u0637 \u0627\u0644\u062f\u0641\u0627\u0639 \u0627\u0644\u0623\u0648\u0644 \u0639\u0646 \u0623\u0645\u0646 \u0634\u0631\u0643\u062a\u0643<\/p>\n<\/div><\/div><\/div><div class=\"vcex-module vcex-teaser wpex-flex wpex-flex-col wpex-text-center\"><div class=\"vcex-teaser-media wpex-mb-20 wpex-text-center\"><a href=\"https:\/\/cybershield-consulting.com\/ar\/leistungen\/training\/\" class=\"wpex-no-underline\" title=\"Beratung\"><img width=\"900\" height=\"478\" src=\"https:\/\/cybershield-consulting.com\/wp-content\/uploads\/2024\/03\/Training_900.webp\" class=\"wpex-align-middle\" alt=\"\" loading=\"lazy\" decoding=\"async\" srcset=\"https:\/\/cybershield-consulting.com\/wp-content\/uploads\/2024\/03\/Training_900.webp 900w, https:\/\/cybershield-consulting.com\/wp-content\/uploads\/2024\/03\/Training_900-300x159.webp 300w, https:\/\/cybershield-consulting.com\/wp-content\/uploads\/2024\/03\/Training_900-768x408.webp 768w, https:\/\/cybershield-consulting.com\/wp-content\/uploads\/2024\/03\/Training_900-18x10.webp 18w\" sizes=\"auto, (max-width: 900px) 100vw, 900px\" \/><\/a><\/div><div class=\"vcex-teaser-content\"><h3 class=\"vcex-teaser-heading wpex-heading wpex-text-lg\"><a href=\"https:\/\/cybershield-consulting.com\/ar\/leistungen\/training\/\" class=\"wpex-no-underline\" title=\"Beratung\">\u0627\u0644\u062a\u062f\u0631\u064a\u0628<\/a><\/h3><div class=\"vcex-teaser-text wpex-mt-10 wpex-last-mb-0 wpex-clr\"><p>\u0646\u062d\u0646 \u0646\u0642\u062f\u0645 \u062f\u0648\u0631\u0627\u062a \u062a\u062f\u0631\u064a\u0628\u064a\u0629 \u0641\u064a \u0645\u062c\u0627\u0644 \u0627\u0644\u062a\u0648\u0639\u064a\u0629 \u0648\u0623\u0645\u0646 \u0627\u0644\u062a\u0643\u0646\u0648\u0644\u0648\u062c\u064a\u0627 \u0627\u0644\u062a\u0634\u063a\u064a\u0644\u064a\u0629 \u0648\u062f\u0648\u0631\u0627\u062a \u0627\u0644\u0647\u0646\u062f\u0633\u0629\u060c \u0628\u0627\u0644\u0625\u0636\u0627\u0641\u0629 \u0625\u0644\u0649 \u0641\u0631\u0635\u0629 \u0627\u0644\u062d\u0635\u0648\u0644 \u0639\u0644\u0649 \u0634\u0647\u0627\u062f\u0627\u062a \u0635\u0646\u0627\u0639\u064a\u0629 \u0641\u064a \u0645\u062c\u0627\u0644 \u0627\u0644\u0623\u0645\u0646 \u0627\u0644\u0633\u064a\u0628\u0631\u0627\u0646\u064a<\/p>\n<\/div><\/div><\/div><\/div><div class=\"vcex-spacing wpex-w-100 wpex-clear\" style=\"height:50px;\"><\/div><\/div><\/div><\/div><\/div><div class=\"vc_row wpb_row vc_row-fluid wpex-relative\"><div class=\"wpb_column vc_column_container vc_col-sm-12\"><div class=\"vc_column-inner\"><div class=\"wpb_wrapper\"><div class=\"vcex-spacing wpex-w-100 wpex-clear\" style=\"height:50px;\"><\/div><style>.vcex-image.vcex_69fc44f8daaf9{animation-duration:2s;}<\/style><figure class=\"vcex-image vcex-module wpex-text-center  wpb_animate_when_almost_visible wpb_fadeInUp fadeInUp vcex_69fc44f8daaf9\"><div class=\"vcex-image-inner wpex-relative wpex-inline-block\"><img width=\"300\" height=\"72\" src=\"https:\/\/cybershield-consulting.com\/wp-content\/uploads\/2024\/11\/logo_coloredwhite_300width.png\" class=\"vcex-image-img wpex-align-middle\" alt=\"\" loading=\"lazy\" decoding=\"async\" srcset=\"https:\/\/cybershield-consulting.com\/wp-content\/uploads\/2024\/11\/logo_coloredwhite_300width.png 300w, https:\/\/cybershield-consulting.com\/wp-content\/uploads\/2024\/11\/logo_coloredwhite_300width-18x4.png 18w\" sizes=\"auto, (max-width: 300px) 100vw, 300px\" \/><\/div><\/figure><div class=\"vcex-spacing wpex-w-100 wpex-clear\" style=\"height:50px;\"><\/div><\/div><\/div><\/div><\/div>\n<\/div>","protected":false},"excerpt":{"rendered":"DAS BIETEN WIR IHNEN Unsere Bereiche St\u00fcck f\u00fcr St\u00fcck sicherer Wir sind ein innovativer und pragmatischer IT-Security Dienstleister mit dem Fokus auf Operational Technologies. Zusammen mit unseren Kunden sorgen wir daf\u00fcr, dass die (industrielle) Welt St\u00fcck f\u00fcr St\u00fcck sicherer wird. Wir stehen f\u00fcr durchg\u00e4ngig hohe Qualit\u00e4t und Kundenorientierung. TransportPredictive Maintenance, Vernetzung und Digitalisierung vergr\u00f6\u00dfern die&hellip;","protected":false},"author":5,"featured_media":31789,"parent":0,"menu_order":0,"comment_status":"closed","ping_status":"closed","template":"","meta":{"content-type":"","footnotes":""},"class_list":["post-31772","page","type-page","status-publish","has-post-thumbnail","hentry","entry","has-media"],"yoast_head":"<!-- This site is optimized with the Yoast SEO plugin v27.4 - https:\/\/yoast.com\/product\/yoast-seo-wordpress\/ -->\n<title>Bereiche - OT \u2013 CyberSecurity<\/title>\n<meta name=\"robots\" content=\"index, follow, max-snippet:-1, max-image-preview:large, max-video-preview:-1\" \/>\n<link rel=\"canonical\" href=\"https:\/\/cybershield-consulting.com\/ar\/bereiche\/\" \/>\n<meta property=\"og:locale\" content=\"ar_AR\" \/>\n<meta property=\"og:type\" content=\"article\" \/>\n<meta property=\"og:title\" content=\"Bereiche - OT \u2013 CyberSecurity\" \/>\n<meta property=\"og:url\" content=\"https:\/\/cybershield-consulting.com\/ar\/bereiche\/\" \/>\n<meta property=\"og:site_name\" content=\"OT \u2013 CyberSecurity\" \/>\n<meta property=\"article:modified_time\" content=\"2024-11-20T15:00:50+00:00\" \/>\n<meta property=\"og:image\" content=\"https:\/\/cybershield-consulting.com\/wp-content\/uploads\/2024\/03\/cyberspace-2784907_1920.webp\" \/>\n\t<meta property=\"og:image:width\" content=\"1920\" \/>\n\t<meta property=\"og:image:height\" content=\"700\" \/>\n\t<meta property=\"og:image:type\" content=\"image\/webp\" \/>\n<meta name=\"twitter:card\" content=\"summary_large_image\" \/>\n<meta name=\"twitter:label1\" content=\"\u0648\u0642\u062a \u0627\u0644\u0642\u0631\u0627\u0621\u0629 \u0627\u0644\u0645\u064f\u0642\u062f\u0651\u0631\" \/>\n\t<meta name=\"twitter:data1\" content=\"3 \u062f\u0642\u0627\u0626\u0642\" \/>\n<script type=\"application\/ld+json\" class=\"yoast-schema-graph\">{\"@context\":\"https:\\\/\\\/schema.org\",\"@graph\":[{\"@type\":\"WebPage\",\"@id\":\"https:\\\/\\\/cybershield-consulting.com\\\/bereiche\\\/\",\"url\":\"https:\\\/\\\/cybershield-consulting.com\\\/bereiche\\\/\",\"name\":\"Bereiche - OT \u2013 CyberSecurity\",\"isPartOf\":{\"@id\":\"https:\\\/\\\/cybershield-consulting.com\\\/#website\"},\"primaryImageOfPage\":{\"@id\":\"https:\\\/\\\/cybershield-consulting.com\\\/bereiche\\\/#primaryimage\"},\"image\":{\"@id\":\"https:\\\/\\\/cybershield-consulting.com\\\/bereiche\\\/#primaryimage\"},\"thumbnailUrl\":\"https:\\\/\\\/cybershield-consulting.com\\\/wp-content\\\/uploads\\\/2024\\\/03\\\/cyberspace-2784907_1920.webp\",\"datePublished\":\"2024-03-19T14:15:41+00:00\",\"dateModified\":\"2024-11-20T15:00:50+00:00\",\"breadcrumb\":{\"@id\":\"https:\\\/\\\/cybershield-consulting.com\\\/bereiche\\\/#breadcrumb\"},\"inLanguage\":\"ar\",\"potentialAction\":[{\"@type\":\"ReadAction\",\"target\":[\"https:\\\/\\\/cybershield-consulting.com\\\/bereiche\\\/\"]}]},{\"@type\":\"ImageObject\",\"inLanguage\":\"ar\",\"@id\":\"https:\\\/\\\/cybershield-consulting.com\\\/bereiche\\\/#primaryimage\",\"url\":\"https:\\\/\\\/cybershield-consulting.com\\\/wp-content\\\/uploads\\\/2024\\\/03\\\/cyberspace-2784907_1920.webp\",\"contentUrl\":\"https:\\\/\\\/cybershield-consulting.com\\\/wp-content\\\/uploads\\\/2024\\\/03\\\/cyberspace-2784907_1920.webp\",\"width\":1920,\"height\":700},{\"@type\":\"BreadcrumbList\",\"@id\":\"https:\\\/\\\/cybershield-consulting.com\\\/bereiche\\\/#breadcrumb\",\"itemListElement\":[{\"@type\":\"ListItem\",\"position\":1,\"name\":\"Startseite\",\"item\":\"https:\\\/\\\/cybershield-consulting.com\\\/\"},{\"@type\":\"ListItem\",\"position\":2,\"name\":\"Bereiche\"}]},{\"@type\":\"WebSite\",\"@id\":\"https:\\\/\\\/cybershield-consulting.com\\\/#website\",\"url\":\"https:\\\/\\\/cybershield-consulting.com\\\/\",\"name\":\"CyberShield - OT - CyberSecurity\",\"description\":\"Secure every Moment\",\"publisher\":{\"@id\":\"https:\\\/\\\/cybershield-consulting.com\\\/#organization\"},\"potentialAction\":[{\"@type\":\"SearchAction\",\"target\":{\"@type\":\"EntryPoint\",\"urlTemplate\":\"https:\\\/\\\/cybershield-consulting.com\\\/?s={search_term_string}\"},\"query-input\":{\"@type\":\"PropertyValueSpecification\",\"valueRequired\":true,\"valueName\":\"search_term_string\"}}],\"inLanguage\":\"ar\"},{\"@type\":\"Organization\",\"@id\":\"https:\\\/\\\/cybershield-consulting.com\\\/#organization\",\"name\":\"CyberShield\",\"url\":\"https:\\\/\\\/cybershield-consulting.com\\\/\",\"logo\":{\"@type\":\"ImageObject\",\"inLanguage\":\"ar\",\"@id\":\"https:\\\/\\\/cybershield-consulting.com\\\/#\\\/schema\\\/logo\\\/image\\\/\",\"url\":\"https:\\\/\\\/cybershield-consulting.com\\\/wp-content\\\/uploads\\\/2024\\\/11\\\/logo_coloredwhite_300width.png\",\"contentUrl\":\"https:\\\/\\\/cybershield-consulting.com\\\/wp-content\\\/uploads\\\/2024\\\/11\\\/logo_coloredwhite_300width.png\",\"width\":300,\"height\":72,\"caption\":\"CyberShield\"},\"image\":{\"@id\":\"https:\\\/\\\/cybershield-consulting.com\\\/#\\\/schema\\\/logo\\\/image\\\/\"},\"sameAs\":[\"https:\\\/\\\/linkedin.com\\\/company\\\/cybershield-gmbh\\\/\"]}]}<\/script>\n<!-- \/ Yoast SEO plugin. -->","yoast_head_json":{"title":"Bereiche - OT \u2013 CyberSecurity","robots":{"index":"index","follow":"follow","max-snippet":"max-snippet:-1","max-image-preview":"max-image-preview:large","max-video-preview":"max-video-preview:-1"},"canonical":"https:\/\/cybershield-consulting.com\/ar\/bereiche\/","og_locale":"ar_AR","og_type":"article","og_title":"Bereiche - OT \u2013 CyberSecurity","og_url":"https:\/\/cybershield-consulting.com\/ar\/bereiche\/","og_site_name":"OT \u2013 CyberSecurity","article_modified_time":"2024-11-20T15:00:50+00:00","og_image":[{"width":1920,"height":700,"url":"https:\/\/cybershield-consulting.com\/wp-content\/uploads\/2024\/03\/cyberspace-2784907_1920.webp","type":"image\/webp"}],"twitter_card":"summary_large_image","twitter_misc":{"\u0648\u0642\u062a \u0627\u0644\u0642\u0631\u0627\u0621\u0629 \u0627\u0644\u0645\u064f\u0642\u062f\u0651\u0631":"3 \u062f\u0642\u0627\u0626\u0642"},"schema":{"@context":"https:\/\/schema.org","@graph":[{"@type":"WebPage","@id":"https:\/\/cybershield-consulting.com\/bereiche\/","url":"https:\/\/cybershield-consulting.com\/bereiche\/","name":"Bereiche - OT \u2013 CyberSecurity","isPartOf":{"@id":"https:\/\/cybershield-consulting.com\/#website"},"primaryImageOfPage":{"@id":"https:\/\/cybershield-consulting.com\/bereiche\/#primaryimage"},"image":{"@id":"https:\/\/cybershield-consulting.com\/bereiche\/#primaryimage"},"thumbnailUrl":"https:\/\/cybershield-consulting.com\/wp-content\/uploads\/2024\/03\/cyberspace-2784907_1920.webp","datePublished":"2024-03-19T14:15:41+00:00","dateModified":"2024-11-20T15:00:50+00:00","breadcrumb":{"@id":"https:\/\/cybershield-consulting.com\/bereiche\/#breadcrumb"},"inLanguage":"ar","potentialAction":[{"@type":"ReadAction","target":["https:\/\/cybershield-consulting.com\/bereiche\/"]}]},{"@type":"ImageObject","inLanguage":"ar","@id":"https:\/\/cybershield-consulting.com\/bereiche\/#primaryimage","url":"https:\/\/cybershield-consulting.com\/wp-content\/uploads\/2024\/03\/cyberspace-2784907_1920.webp","contentUrl":"https:\/\/cybershield-consulting.com\/wp-content\/uploads\/2024\/03\/cyberspace-2784907_1920.webp","width":1920,"height":700},{"@type":"BreadcrumbList","@id":"https:\/\/cybershield-consulting.com\/bereiche\/#breadcrumb","itemListElement":[{"@type":"ListItem","position":1,"name":"Startseite","item":"https:\/\/cybershield-consulting.com\/"},{"@type":"ListItem","position":2,"name":"Bereiche"}]},{"@type":"WebSite","@id":"https:\/\/cybershield-consulting.com\/#website","url":"https:\/\/cybershield-consulting.com\/","name":"CyberShield - OT - CyberSecurity","description":"\u0623\u0645\u0646 \u0643\u0644 \u0644\u062d\u0638\u0629","publisher":{"@id":"https:\/\/cybershield-consulting.com\/#organization"},"potentialAction":[{"@type":"SearchAction","target":{"@type":"EntryPoint","urlTemplate":"https:\/\/cybershield-consulting.com\/?s={search_term_string}"},"query-input":{"@type":"PropertyValueSpecification","valueRequired":true,"valueName":"search_term_string"}}],"inLanguage":"ar"},{"@type":"Organization","@id":"https:\/\/cybershield-consulting.com\/#organization","name":"\u0633\u0627\u064a\u0628\u0631 \u0634\u064a\u0644\u062f","url":"https:\/\/cybershield-consulting.com\/","logo":{"@type":"ImageObject","inLanguage":"ar","@id":"https:\/\/cybershield-consulting.com\/#\/schema\/logo\/image\/","url":"https:\/\/cybershield-consulting.com\/wp-content\/uploads\/2024\/11\/logo_coloredwhite_300width.png","contentUrl":"https:\/\/cybershield-consulting.com\/wp-content\/uploads\/2024\/11\/logo_coloredwhite_300width.png","width":300,"height":72,"caption":"CyberShield"},"image":{"@id":"https:\/\/cybershield-consulting.com\/#\/schema\/logo\/image\/"},"sameAs":["https:\/\/linkedin.com\/company\/cybershield-gmbh\/"]}]}},"_links":{"self":[{"href":"https:\/\/cybershield-consulting.com\/ar\/wp-json\/wp\/v2\/pages\/31772","targetHints":{"allow":["GET"]}}],"collection":[{"href":"https:\/\/cybershield-consulting.com\/ar\/wp-json\/wp\/v2\/pages"}],"about":[{"href":"https:\/\/cybershield-consulting.com\/ar\/wp-json\/wp\/v2\/types\/page"}],"author":[{"embeddable":true,"href":"https:\/\/cybershield-consulting.com\/ar\/wp-json\/wp\/v2\/users\/5"}],"replies":[{"embeddable":true,"href":"https:\/\/cybershield-consulting.com\/ar\/wp-json\/wp\/v2\/comments?post=31772"}],"version-history":[{"count":2,"href":"https:\/\/cybershield-consulting.com\/ar\/wp-json\/wp\/v2\/pages\/31772\/revisions"}],"predecessor-version":[{"id":34049,"href":"https:\/\/cybershield-consulting.com\/ar\/wp-json\/wp\/v2\/pages\/31772\/revisions\/34049"}],"wp:featuredmedia":[{"embeddable":true,"href":"https:\/\/cybershield-consulting.com\/ar\/wp-json\/wp\/v2\/media\/31789"}],"wp:attachment":[{"href":"https:\/\/cybershield-consulting.com\/ar\/wp-json\/wp\/v2\/media?parent=31772"}],"curies":[{"name":"wp","href":"https:\/\/api.w.org\/{rel}","templated":true}]}}