{"id":31833,"date":"2024-03-21T10:39:32","date_gmt":"2024-03-21T09:39:32","guid":{"rendered":"https:\/\/dev7.homepage-balingen.de\/?page_id=31833"},"modified":"2025-05-05T15:54:29","modified_gmt":"2025-05-05T13:54:29","slug":"chemie","status":"publish","type":"page","link":"https:\/\/cybershield-consulting.com\/ar\/bereiche\/chemie\/","title":{"rendered":"\u0627\u0644\u0643\u064a\u0645\u064a\u0627\u0621"},"content":{"rendered":"<div class=\"wpb-content-wrapper\"><div class=\"vc_row wpb_row vc_row-fluid headhero vc_custom_1711013967834 vc_row-o-content-bottom vc_row-flex wpex-vc-full-width-row wpex-relative wpex-vc_row-has-fill wpex-vc-reset-negative-margin\" style=\"min-height:40vh;background-position:50% 70%!important;background-size:cover!important;\"><div class=\"wpb_column vc_column_container vc_col-sm-12\"><div class=\"vc_column-inner\"><div class=\"wpb_wrapper\"><div class=\"vcex-spacing wpex-w-100 wpex-clear\" style=\"height:40px;\"><\/div><\/div><\/div><\/div><\/div><div class=\"vc_row wpb_row vc_row-fluid vc_row-o-equal-height vc_row-o-content-middle vc_row-flex wpex-vc-full-width-row wpex-vc-full-width-row--centered wpex-relative bg-fixed-top wpex-vc-bg-fixed wpex-vc-bg-top\" style=\"background-position:50% 0%!important;background-size:cover!important;\"><div class=\"wpb_column vc_column_container vc_col-sm-12\"><div class=\"vc_column-inner\"><div class=\"wpb_wrapper\"><div class=\"vcex-spacing wpex-w-100 wpex-clear\" style=\"height:40px;\"><\/div>\n\t<div style=\"font-size:15px;font-weight:600;text-align:center;\" class=\"wpb_text_column wpb_content_element\" >\n\t\t<div class=\"wpb_wrapper\">\n\t\t\t<p>UNSERE BEREICHE<\/p>\n\n\t\t<\/div>\n\t<\/div>\n<div class=\"vcex-spacing wpex-w-100 wpex-clear\" style=\"height:20px;\"><\/div><div class=\"vc_separator wpb_content_element vc_separator_align_center vc_sep_width_20 vc_sep_border_width_4 vc_sep_pos_align_center vc_separator_no_text wpb_content_element  wpb_content_element wpb_animate_when_almost_visible wpb_fadeIn fadeIn wpb_animate_when_almost_visible wpb_fadeIn fadeIn\" ><span class=\"vc_sep_holder vc_sep_holder_l\"><span style=\"border-color:#bebfcd;\" class=\"vc_sep_line\"><\/span><\/span><span class=\"vc_sep_holder vc_sep_holder_r\"><span style=\"border-color:#bebfcd;\" class=\"vc_sep_line\"><\/span><\/span>\n<\/div><div class=\"vcex-spacing wpex-w-100 wpex-clear\" style=\"height:20px;\"><\/div><style>.vcex-heading.vcex_6a01c9f2d5677{animation-duration:2s;}<\/style><h1 class=\"vcex-heading vcex-heading-plain vcex-module wpex-heading wpex-text-2xl wpex-text-center  wpb_animate_when_almost_visible wpb_fadeInUp fadeInUp vcex_6a01c9f2d5677\"><span class=\"vcex-heading-inner wpex-inline-block\">IT\/OT Security f\u00fcr die Chemiebranche<\/span><\/h1><div class=\"vcex-spacing wpex-w-100 wpex-clear\" style=\"height:40px;\"><\/div><div class=\"vc_row wpb_row vc_inner vc_row-fluid vc_column-gap-25 vc_row-o-content-middle vc_row-flex wpex-relative\"><div class=\"wpb_column vc_column_container vc_col-sm-8\"><div class=\"vc_column-inner\"><div class=\"wpb_wrapper\"><style>.vcex-heading.vcex_6a01c9f2d5c65{animation-duration:2s;}<\/style><h3 class=\"vcex-heading vcex-heading-plain vcex-module wpex-heading wpex-text-2xl wpex-text-left vcex_6a01c9f2d5c65\"><span class=\"vcex-heading-inner wpex-inline-block\">Chemische Industrie<\/span><\/h3>\n\t<div style=\"text-align:start;\" class=\"wpb_text_column wpb_content_element\" >\n\t\t<div class=\"wpb_wrapper\">\n\t\t\t<p>Die Cybersicherheit in der chemischen Industrie umfasst ein breites Spektrum an relevanten Aktivit\u00e4ten und L\u00f6sungen. Seit den letzten 20 Jahren werden Anlagen immer \u201eintelligenter\u201c, innovativer und vernetzter. Mit dem Ziel, die Effizienz zu steigern, setzen immer mehr Unternehmen IoT-Ger\u00e4te ein und verbinden die OT-Umgebung mit ihrer IT-Infrastruktur, um den Kontrollprozess noch transparenter, komfortabler und sicherer zu gestalten.<\/p>\n\n\t\t<\/div>\n\t<\/div>\n<style>.vcex-heading.vcex_6a01c9f2d6015{animation-duration:2s;}<\/style><h3 class=\"vcex-heading vcex-heading-plain vcex-module wpex-heading wpex-text-2xl wpex-text-left vcex_6a01c9f2d6015\"><span class=\"vcex-heading-inner wpex-inline-block\">Sichere Netzwerkarchitektur<\/span><\/h3>\n\t<div style=\"text-align:start;\" class=\"wpb_text_column wpb_content_element\" >\n\t\t<div class=\"wpb_wrapper\">\n\t\t\t<p>In Anbetracht der stark geforderten Interkonnektivit\u00e4t zwischen Ihrer IT- (B\u00fcro-) und OT- (Betriebs-) Umgebung erleichtern Sie die Arbeit von b\u00f6swilligen Akteuren erheblich. Laut zahlreicher Statistiken aus verschiedenen seri\u00f6sen Quellen[1] werden immer mehr OT-Umgebungen durch erfolgreiches Eindringen in Ihre IT-Umgebung beeintr\u00e4chtigt, was zu einer h\u00f6heren Anzahl von Betriebsunterbrechungen, physischen Sch\u00e4den und Sicherheitsvorf\u00e4llen f\u00fchrt.<br \/>\nEin sicheres Design und eine sichere Implementierung Ihres Netzwerks sind der effizienteste Weg, um den unbefugten Zugriff auf und die Manipulation Ihrer Betriebsausr\u00fcstung zu verhindern. Gest\u00fctzt auf eine solide Erfahrung im Bereich der OT-Cybersecurity und angetrieben durch den IEC 62443 Standard, bietet CYBERSHIELD den vollen Umfang an relevanten Dienstleistungen zur Absicherung von Netzwerken in Ihren Einrichtungen. Dies beinhaltet den Entwurf und die Implementierung einer sicheren Netzwerkarchitektur, die Analyse bestehender Netzwerkarchitekturen mit dem Ergebnis der Definition und (falls erforderlich) der Implementierung effizienter, hochmoderner Sicherheitsma\u00dfnahmen und -kontrollen, die Segmentierung des Netzwerks in Sicherheitszonen und Conduits und vieles mehr. Setzen Sie sich mit uns in Verbindung, um ein kostenloses Beratungsgespr\u00e4ch zu erhalten und Ihre n\u00e4chsten Schritte zu definieren, um eine robuste Cybersicherheitslage und Compliance f\u00fcr Ihre Einrichtungen zu erreichen<\/p>\n\n\t\t<\/div>\n\t<\/div>\n<\/div><\/div><\/div><div class=\"wpb_column ansprechpartnercont vc_column_container vc_col-sm-4\"><div class=\"vc_column-inner\"><div class=\"wpb_wrapper\"><style>.vcex-heading.vcex_6a01c9f2d64d6{animation-duration:2s;}<\/style><h3 class=\"vcex-heading vcex-heading-plain vcex-module wpex-heading wpex-text-2xl wpex-text-center vcex_6a01c9f2d64d6\"><span class=\"vcex-heading-inner wpex-inline-block\">Ihr Ansprechpartner<\/span><\/h3><div class=\"vcex-spacing wpex-w-100 wpex-clear\" style=\"height:20px;\"><\/div><style>.vcex-image.vcex_6a01c9f2d67e7 .vcex-image-img{border-radius:var(--wpex-rounded-full);height:200px;}.vcex-image.vcex_6a01c9f2d67e7 .vcex-image-inner{max-width:200px;}<\/style><figure class=\"vcex-image vcex-module wpex-text-center vcex_6a01c9f2d67e7\"><div class=\"vcex-image-inner wpex-relative wpex-inline-block\"><img width=\"600\" height=\"600\" src=\"https:\/\/cybershield-consulting.com\/wp-content\/uploads\/2024\/03\/Schlehuber.jpg\" class=\"vcex-image-img wpex-align-middle wpex-object-cover\" alt=\"\" loading=\"lazy\" decoding=\"async\" srcset=\"https:\/\/cybershield-consulting.com\/wp-content\/uploads\/2024\/03\/Schlehuber.jpg 600w, https:\/\/cybershield-consulting.com\/wp-content\/uploads\/2024\/03\/Schlehuber-300x300.jpg 300w, https:\/\/cybershield-consulting.com\/wp-content\/uploads\/2024\/03\/Schlehuber-150x150.jpg 150w, https:\/\/cybershield-consulting.com\/wp-content\/uploads\/2024\/03\/Schlehuber-12x12.jpg 12w\" sizes=\"auto, (max-width: 600px) 100vw, 600px\" \/><\/div><\/figure><div class=\"vcex-spacing wpex-w-100 wpex-clear\" style=\"height:20px;\"><\/div>\n\t<div style=\"text-align:center;\" class=\"wpb_text_column wpb_content_element\" >\n\t\t<div class=\"wpb_wrapper\">\n\t\t\t<p>Christian Schlehuber<\/p>\n<p>Gesch\u00e4ftsf\u00fchrer \/ Managing Director<\/p>\n\n\t\t<\/div>\n\t<\/div>\n<\/div><\/div><\/div><\/div><\/div><\/div><\/div><\/div><div class=\"vc_row wpb_row vc_row-fluid wpex-relative\"><div class=\"wpb_column vc_column_container vc_col-sm-12\"><div class=\"vc_column-inner\"><div class=\"wpb_wrapper\"><style>.vcex-heading.vcex_6a01c9f2d7684{animation-duration:2s;}<\/style><h3 class=\"vcex-heading vcex-heading-plain vcex-module wpex-heading wpex-text-2xl wpex-text-left vcex_6a01c9f2d7684\"><span class=\"vcex-heading-inner wpex-inline-block\">Industrielle Demilitarisierte Zone (IDMZ)<\/span><\/h3>\n\t<div style=\"text-align:start;\" class=\"wpb_text_column wpb_content_element\" >\n\t\t<div class=\"wpb_wrapper\">\n\t\t\t<p>Eine IDMZ ist heute eine der anerkanntesten und effektivsten L\u00f6sungen f\u00fcr den Schutz von OT-Umgebungen. Auf der Grundlage der Standards NIST 800 und IEC 62443 unterst\u00fctzt CYBERSHIELD die Betreiber der chemischen Industrie bei der Entwicklung, Implementierung und Verwaltung von IDMZ-L\u00f6sungen, die auf die besonderen Anforderungen ihrer Betriebsumgebung, die Bedrohungslandschaft und das Budget zugeschnitten sind.<br \/>\nMit mehr als 20 offiziellen Partnerschaften mit f\u00fchrenden Industrieanbietern kann CYBERSHIELD alle notwendigen Werkzeuge und L\u00f6sungen zur Einrichtung einer robusten IDMZ bereitstellen. Anstatt jedes Tool einzeln zu beschaffen, bieten wir ein umfassendes Paket mit Netzwerkausr\u00fcstung (Firewalls, Firewalls der n\u00e4chsten Generation, SD-WANs, Netzwerkanschl\u00fcsse, verwaltete Switches, Router), Servern (Historians, Jump Server, VPN-Server), Intrusion Detection Systemen (IDS), Netzwerk\u00fcberwachungsl\u00f6sungen, Antivirensoftware, Endpunktschutz- und Verwaltungstools und mehr.<br \/>\nUnser erfahrenes technisches Team kann den gesamten Lebenszyklus von IDMZ-Design, Einrichtung, Implementierung und Verwaltung \u00fcbernehmen und so den effizienten Einsatz Ihrer Finanzen, Zeit und Arbeitskr\u00e4fte sicherstellen.<\/p>\n\n\t\t<\/div>\n\t<\/div>\n<div class=\"vcex-spacing wpex-w-100 wpex-clear\" style=\"height:30px;\"><\/div><style>.vcex-heading.vcex_6a01c9f2d7a43{animation-duration:2s;}<\/style><h3 class=\"vcex-heading vcex-heading-plain vcex-module wpex-heading wpex-text-2xl wpex-text-left vcex_6a01c9f2d7a43\"><span class=\"vcex-heading-inner wpex-inline-block\">Sicherer Fernzugriff<\/span><\/h3>\n\t<div style=\"text-align:start;\" class=\"wpb_text_column wpb_content_element\" >\n\t\t<div class=\"wpb_wrapper\">\n\t\t\t<p>Der Fernzugriff auf OT-Umgebungen wird zunehmend als einer der anf\u00e4lligsten Einstiegspunkte f\u00fcr Cyberangriffe erkannt. CYBERSHIELD f\u00fchrt umfassende Risikobewertungen durch, um effektive Cybersicherheitsanforderungen und Gegenma\u00dfnahmen zu entwickeln und umzusetzen. Wir stellen sicher, dass Ihre Fernzugriffsverbindungen sicher und konform sind, indem wir die Anforderungen der IEC 62443-3-3 implementieren, geeignete Sicherheitsverfahren einrichten und Sicherheitsrichtlinien innerhalb Ihrer Organisation entwickeln.<\/p>\n\n\t\t<\/div>\n\t<\/div>\n<\/div><\/div><\/div><\/div><div class=\"vc_row wpb_row vc_row-fluid wpex-relative\"><div class=\"wpb_column vc_column_container vc_col-sm-12\"><div class=\"vc_column-inner\"><div class=\"wpb_wrapper\"><div class=\"vcex-spacing wpex-w-100 wpex-clear\" style=\"height:50px;\"><\/div><style>.vcex-image.vcex_6a01c9f2d7f4b{animation-duration:2s;}<\/style><figure class=\"vcex-image vcex-module wpex-text-center  wpb_animate_when_almost_visible wpb_fadeInUp fadeInUp vcex_6a01c9f2d7f4b\"><div class=\"vcex-image-inner wpex-relative wpex-inline-block\"><img width=\"300\" height=\"72\" src=\"https:\/\/cybershield-consulting.com\/wp-content\/uploads\/2024\/11\/logo_coloredwhite_300width.png\" class=\"vcex-image-img wpex-align-middle\" alt=\"\" loading=\"lazy\" decoding=\"async\" srcset=\"https:\/\/cybershield-consulting.com\/wp-content\/uploads\/2024\/11\/logo_coloredwhite_300width.png 300w, https:\/\/cybershield-consulting.com\/wp-content\/uploads\/2024\/11\/logo_coloredwhite_300width-18x4.png 18w\" sizes=\"auto, (max-width: 300px) 100vw, 300px\" \/><\/div><\/figure><div class=\"vcex-spacing wpex-w-100 wpex-clear\" style=\"height:50px;\"><\/div><\/div><\/div><\/div><\/div>\n<\/div>","protected":false},"excerpt":{"rendered":"UNSERE BEREICHE IT\/OT Security f\u00fcr die ChemiebrancheChemische Industrie Die Cybersicherheit in der chemischen Industrie umfasst ein breites Spektrum an relevanten Aktivit\u00e4ten und L\u00f6sungen. Seit den letzten 20 Jahren werden Anlagen immer \u201eintelligenter\u201c, innovativer und vernetzter. Mit dem Ziel, die Effizienz zu steigern, setzen immer mehr Unternehmen IoT-Ger\u00e4te ein und verbinden die OT-Umgebung mit ihrer IT-Infrastruktur,&hellip;","protected":false},"author":5,"featured_media":31832,"parent":31772,"menu_order":0,"comment_status":"closed","ping_status":"closed","template":"","meta":{"content-type":"","footnotes":""},"class_list":["post-31833","page","type-page","status-publish","has-post-thumbnail","hentry","entry","has-media"],"yoast_head":"<!-- This site is optimized with the Yoast SEO plugin v27.5 - https:\/\/yoast.com\/product\/yoast-seo-wordpress\/ -->\n<title>Chemie - OT \u2013 CyberSecurity<\/title>\n<meta name=\"robots\" content=\"index, follow, max-snippet:-1, max-image-preview:large, max-video-preview:-1\" \/>\n<link rel=\"canonical\" href=\"https:\/\/cybershield-consulting.com\/ar\/bereiche\/chemie\/\" \/>\n<meta property=\"og:locale\" content=\"ar_AR\" \/>\n<meta property=\"og:type\" content=\"article\" \/>\n<meta property=\"og:title\" content=\"Chemie - OT \u2013 CyberSecurity\" \/>\n<meta property=\"og:url\" content=\"https:\/\/cybershield-consulting.com\/ar\/bereiche\/chemie\/\" \/>\n<meta property=\"og:site_name\" content=\"OT \u2013 CyberSecurity\" \/>\n<meta property=\"article:modified_time\" content=\"2025-05-05T13:54:29+00:00\" \/>\n<meta property=\"og:image\" content=\"https:\/\/cybershield-consulting.com\/wp-content\/uploads\/2024\/03\/Chemie_1920.webp\" \/>\n\t<meta property=\"og:image:width\" content=\"1920\" \/>\n\t<meta property=\"og:image:height\" content=\"700\" \/>\n\t<meta property=\"og:image:type\" content=\"image\/webp\" \/>\n<meta name=\"twitter:card\" content=\"summary_large_image\" \/>\n<meta name=\"twitter:label1\" content=\"\u0648\u0642\u062a \u0627\u0644\u0642\u0631\u0627\u0621\u0629 \u0627\u0644\u0645\u064f\u0642\u062f\u0651\u0631\" \/>\n\t<meta name=\"twitter:data1\" content=\"4 \u062f\u0642\u0627\u0626\u0642\" \/>\n<script type=\"application\/ld+json\" class=\"yoast-schema-graph\">{\"@context\":\"https:\\\/\\\/schema.org\",\"@graph\":[{\"@type\":\"WebPage\",\"@id\":\"https:\\\/\\\/cybershield-consulting.com\\\/bereiche\\\/chemie\\\/\",\"url\":\"https:\\\/\\\/cybershield-consulting.com\\\/bereiche\\\/chemie\\\/\",\"name\":\"Chemie - OT \u2013 CyberSecurity\",\"isPartOf\":{\"@id\":\"https:\\\/\\\/cybershield-consulting.com\\\/#website\"},\"primaryImageOfPage\":{\"@id\":\"https:\\\/\\\/cybershield-consulting.com\\\/bereiche\\\/chemie\\\/#primaryimage\"},\"image\":{\"@id\":\"https:\\\/\\\/cybershield-consulting.com\\\/bereiche\\\/chemie\\\/#primaryimage\"},\"thumbnailUrl\":\"https:\\\/\\\/cybershield-consulting.com\\\/wp-content\\\/uploads\\\/2024\\\/03\\\/Chemie_1920.webp\",\"datePublished\":\"2024-03-21T09:39:32+00:00\",\"dateModified\":\"2025-05-05T13:54:29+00:00\",\"breadcrumb\":{\"@id\":\"https:\\\/\\\/cybershield-consulting.com\\\/bereiche\\\/chemie\\\/#breadcrumb\"},\"inLanguage\":\"ar\",\"potentialAction\":[{\"@type\":\"ReadAction\",\"target\":[\"https:\\\/\\\/cybershield-consulting.com\\\/bereiche\\\/chemie\\\/\"]}]},{\"@type\":\"ImageObject\",\"inLanguage\":\"ar\",\"@id\":\"https:\\\/\\\/cybershield-consulting.com\\\/bereiche\\\/chemie\\\/#primaryimage\",\"url\":\"https:\\\/\\\/cybershield-consulting.com\\\/wp-content\\\/uploads\\\/2024\\\/03\\\/Chemie_1920.webp\",\"contentUrl\":\"https:\\\/\\\/cybershield-consulting.com\\\/wp-content\\\/uploads\\\/2024\\\/03\\\/Chemie_1920.webp\",\"width\":1920,\"height\":700},{\"@type\":\"BreadcrumbList\",\"@id\":\"https:\\\/\\\/cybershield-consulting.com\\\/bereiche\\\/chemie\\\/#breadcrumb\",\"itemListElement\":[{\"@type\":\"ListItem\",\"position\":1,\"name\":\"Startseite\",\"item\":\"https:\\\/\\\/cybershield-consulting.com\\\/\"},{\"@type\":\"ListItem\",\"position\":2,\"name\":\"Bereiche\",\"item\":\"https:\\\/\\\/cybershield-consulting.com\\\/bereiche\\\/\"},{\"@type\":\"ListItem\",\"position\":3,\"name\":\"Chemie\"}]},{\"@type\":\"WebSite\",\"@id\":\"https:\\\/\\\/cybershield-consulting.com\\\/#website\",\"url\":\"https:\\\/\\\/cybershield-consulting.com\\\/\",\"name\":\"CyberShield - OT - CyberSecurity\",\"description\":\"Secure every Moment\",\"publisher\":{\"@id\":\"https:\\\/\\\/cybershield-consulting.com\\\/#organization\"},\"potentialAction\":[{\"@type\":\"SearchAction\",\"target\":{\"@type\":\"EntryPoint\",\"urlTemplate\":\"https:\\\/\\\/cybershield-consulting.com\\\/?s={search_term_string}\"},\"query-input\":{\"@type\":\"PropertyValueSpecification\",\"valueRequired\":true,\"valueName\":\"search_term_string\"}}],\"inLanguage\":\"ar\"},{\"@type\":\"Organization\",\"@id\":\"https:\\\/\\\/cybershield-consulting.com\\\/#organization\",\"name\":\"CyberShield\",\"url\":\"https:\\\/\\\/cybershield-consulting.com\\\/\",\"logo\":{\"@type\":\"ImageObject\",\"inLanguage\":\"ar\",\"@id\":\"https:\\\/\\\/cybershield-consulting.com\\\/#\\\/schema\\\/logo\\\/image\\\/\",\"url\":\"https:\\\/\\\/cybershield-consulting.com\\\/wp-content\\\/uploads\\\/2024\\\/11\\\/logo_coloredwhite_300width.png\",\"contentUrl\":\"https:\\\/\\\/cybershield-consulting.com\\\/wp-content\\\/uploads\\\/2024\\\/11\\\/logo_coloredwhite_300width.png\",\"width\":300,\"height\":72,\"caption\":\"CyberShield\"},\"image\":{\"@id\":\"https:\\\/\\\/cybershield-consulting.com\\\/#\\\/schema\\\/logo\\\/image\\\/\"},\"sameAs\":[\"https:\\\/\\\/linkedin.com\\\/company\\\/cybershield-gmbh\\\/\"]}]}<\/script>\n<!-- \/ Yoast SEO plugin. -->","yoast_head_json":{"title":"Chemie - OT \u2013 CyberSecurity","robots":{"index":"index","follow":"follow","max-snippet":"max-snippet:-1","max-image-preview":"max-image-preview:large","max-video-preview":"max-video-preview:-1"},"canonical":"https:\/\/cybershield-consulting.com\/ar\/bereiche\/chemie\/","og_locale":"ar_AR","og_type":"article","og_title":"Chemie - OT \u2013 CyberSecurity","og_url":"https:\/\/cybershield-consulting.com\/ar\/bereiche\/chemie\/","og_site_name":"OT \u2013 CyberSecurity","article_modified_time":"2025-05-05T13:54:29+00:00","og_image":[{"width":1920,"height":700,"url":"https:\/\/cybershield-consulting.com\/wp-content\/uploads\/2024\/03\/Chemie_1920.webp","type":"image\/webp"}],"twitter_card":"summary_large_image","twitter_misc":{"\u0648\u0642\u062a \u0627\u0644\u0642\u0631\u0627\u0621\u0629 \u0627\u0644\u0645\u064f\u0642\u062f\u0651\u0631":"4 \u062f\u0642\u0627\u0626\u0642"},"schema":{"@context":"https:\/\/schema.org","@graph":[{"@type":"WebPage","@id":"https:\/\/cybershield-consulting.com\/bereiche\/chemie\/","url":"https:\/\/cybershield-consulting.com\/bereiche\/chemie\/","name":"Chemie - OT \u2013 CyberSecurity","isPartOf":{"@id":"https:\/\/cybershield-consulting.com\/#website"},"primaryImageOfPage":{"@id":"https:\/\/cybershield-consulting.com\/bereiche\/chemie\/#primaryimage"},"image":{"@id":"https:\/\/cybershield-consulting.com\/bereiche\/chemie\/#primaryimage"},"thumbnailUrl":"https:\/\/cybershield-consulting.com\/wp-content\/uploads\/2024\/03\/Chemie_1920.webp","datePublished":"2024-03-21T09:39:32+00:00","dateModified":"2025-05-05T13:54:29+00:00","breadcrumb":{"@id":"https:\/\/cybershield-consulting.com\/bereiche\/chemie\/#breadcrumb"},"inLanguage":"ar","potentialAction":[{"@type":"ReadAction","target":["https:\/\/cybershield-consulting.com\/bereiche\/chemie\/"]}]},{"@type":"ImageObject","inLanguage":"ar","@id":"https:\/\/cybershield-consulting.com\/bereiche\/chemie\/#primaryimage","url":"https:\/\/cybershield-consulting.com\/wp-content\/uploads\/2024\/03\/Chemie_1920.webp","contentUrl":"https:\/\/cybershield-consulting.com\/wp-content\/uploads\/2024\/03\/Chemie_1920.webp","width":1920,"height":700},{"@type":"BreadcrumbList","@id":"https:\/\/cybershield-consulting.com\/bereiche\/chemie\/#breadcrumb","itemListElement":[{"@type":"ListItem","position":1,"name":"Startseite","item":"https:\/\/cybershield-consulting.com\/"},{"@type":"ListItem","position":2,"name":"Bereiche","item":"https:\/\/cybershield-consulting.com\/bereiche\/"},{"@type":"ListItem","position":3,"name":"Chemie"}]},{"@type":"WebSite","@id":"https:\/\/cybershield-consulting.com\/#website","url":"https:\/\/cybershield-consulting.com\/","name":"CyberShield - OT - CyberSecurity","description":"\u0623\u0645\u0646 \u0643\u0644 \u0644\u062d\u0638\u0629","publisher":{"@id":"https:\/\/cybershield-consulting.com\/#organization"},"potentialAction":[{"@type":"SearchAction","target":{"@type":"EntryPoint","urlTemplate":"https:\/\/cybershield-consulting.com\/?s={search_term_string}"},"query-input":{"@type":"PropertyValueSpecification","valueRequired":true,"valueName":"search_term_string"}}],"inLanguage":"ar"},{"@type":"Organization","@id":"https:\/\/cybershield-consulting.com\/#organization","name":"\u0633\u0627\u064a\u0628\u0631 \u0634\u064a\u0644\u062f","url":"https:\/\/cybershield-consulting.com\/","logo":{"@type":"ImageObject","inLanguage":"ar","@id":"https:\/\/cybershield-consulting.com\/#\/schema\/logo\/image\/","url":"https:\/\/cybershield-consulting.com\/wp-content\/uploads\/2024\/11\/logo_coloredwhite_300width.png","contentUrl":"https:\/\/cybershield-consulting.com\/wp-content\/uploads\/2024\/11\/logo_coloredwhite_300width.png","width":300,"height":72,"caption":"CyberShield"},"image":{"@id":"https:\/\/cybershield-consulting.com\/#\/schema\/logo\/image\/"},"sameAs":["https:\/\/linkedin.com\/company\/cybershield-gmbh\/"]}]}},"_links":{"self":[{"href":"https:\/\/cybershield-consulting.com\/ar\/wp-json\/wp\/v2\/pages\/31833","targetHints":{"allow":["GET"]}}],"collection":[{"href":"https:\/\/cybershield-consulting.com\/ar\/wp-json\/wp\/v2\/pages"}],"about":[{"href":"https:\/\/cybershield-consulting.com\/ar\/wp-json\/wp\/v2\/types\/page"}],"author":[{"embeddable":true,"href":"https:\/\/cybershield-consulting.com\/ar\/wp-json\/wp\/v2\/users\/5"}],"replies":[{"embeddable":true,"href":"https:\/\/cybershield-consulting.com\/ar\/wp-json\/wp\/v2\/comments?post=31833"}],"version-history":[{"count":6,"href":"https:\/\/cybershield-consulting.com\/ar\/wp-json\/wp\/v2\/pages\/31833\/revisions"}],"predecessor-version":[{"id":34305,"href":"https:\/\/cybershield-consulting.com\/ar\/wp-json\/wp\/v2\/pages\/31833\/revisions\/34305"}],"up":[{"embeddable":true,"href":"https:\/\/cybershield-consulting.com\/ar\/wp-json\/wp\/v2\/pages\/31772"}],"wp:featuredmedia":[{"embeddable":true,"href":"https:\/\/cybershield-consulting.com\/ar\/wp-json\/wp\/v2\/media\/31832"}],"wp:attachment":[{"href":"https:\/\/cybershield-consulting.com\/ar\/wp-json\/wp\/v2\/media?parent=31833"}],"curies":[{"name":"wp","href":"https:\/\/api.w.org\/{rel}","templated":true}]}}