{"id":31772,"date":"2024-03-19T15:15:41","date_gmt":"2024-03-19T14:15:41","guid":{"rendered":"https:\/\/dev7.homepage-balingen.de\/?page_id=31772"},"modified":"2024-11-20T16:00:50","modified_gmt":"2024-11-20T15:00:50","slug":"bereiche","status":"publish","type":"page","link":"https:\/\/cybershield-consulting.com\/en\/our-areas\/","title":{"rendered":"Areas"},"content":{"rendered":"<div class=\"wpb-content-wrapper\"><div class=\"vc_row wpb_row vc_row-fluid headhero vc_custom_1709650161112 vc_row-o-content-bottom vc_row-flex wpex-vc-full-width-row wpex-relative wpex-vc_row-has-fill wpex-vc-reset-negative-margin\" style=\"min-height:40vh;background-position:50% 100%!important;background-size:cover!important;\"><div class=\"wpb_column vc_column_container vc_col-sm-12\"><div class=\"vc_column-inner\"><div class=\"wpb_wrapper\"><div class=\"vcex-spacing wpex-w-100 wpex-clear\" style=\"height:40px;\"><\/div><\/div><\/div><\/div><\/div><div class=\"vc_row wpb_row vc_row-fluid vc_row-o-equal-height vc_row-o-content-middle vc_row-flex wpex-vc-full-width-row wpex-vc-full-width-row--centered wpex-relative bg-fixed-top wpex-vc-bg-fixed wpex-vc-bg-top\" style=\"background-position:50% 0%!important;background-size:cover!important;\"><div class=\"wpb_column vc_column_container vc_col-sm-12\"><div class=\"vc_column-inner\"><div class=\"wpb_wrapper\"><div class=\"vcex-spacing wpex-w-100 wpex-clear\" style=\"height:40px;\"><\/div>\n\t<div style=\"font-size:15px;font-weight:600;text-align:center;\" class=\"wpb_text_column wpb_content_element\" >\n\t\t<div class=\"wpb_wrapper\">\n\t\t\t<p>WHAT WE OFFER YOU<\/p>\n\n\t\t<\/div>\n\t<\/div>\n<div class=\"vcex-spacing wpex-w-100 wpex-clear\" style=\"height:20px;\"><\/div><div class=\"vc_separator wpb_content_element vc_separator_align_center vc_sep_width_20 vc_sep_border_width_4 vc_sep_pos_align_center vc_separator_no_text wpb_content_element  wpb_content_element wpb_animate_when_almost_visible wpb_fadeIn fadeIn wpb_animate_when_almost_visible wpb_fadeIn fadeIn\" ><span class=\"vc_sep_holder vc_sep_holder_l\"><span style=\"border-color:#bebfcd;\" class=\"vc_sep_line\"><\/span><\/span><span class=\"vc_sep_holder vc_sep_holder_r\"><span style=\"border-color:#bebfcd;\" class=\"vc_sep_line\"><\/span><\/span>\n<\/div><div class=\"vcex-spacing wpex-w-100 wpex-clear\" style=\"height:20px;\"><\/div><style>.vcex-heading.vcex_6a01d18f90569{animation-duration:2s;}<\/style><h1 class=\"vcex-heading vcex-heading-plain vcex-module wpex-heading wpex-text-2xl wpex-text-center  wpb_animate_when_almost_visible wpb_fadeInUp fadeInUp vcex_6a01d18f90569\"><span class=\"vcex-heading-inner wpex-inline-block\">Our areas<\/span><\/h1><div class=\"vcex-spacing wpex-w-100 wpex-clear\" style=\"height:20px;\"><\/div>\n\t<div style=\"text-align:center;\" class=\"wpb_text_column wpb_content_element\" >\n\t\t<div class=\"wpb_wrapper\">\n\t\t\t<p><strong>Safer piece by piece<\/strong><\/p>\n<p>We are an innovative and pragmatic IT security service provider with a focus on Operational Technologies. Together with our clients, we ensure that the (industrial) world becomes safer step by step. We stand for consistently high quality and customer orientation.<\/p>\n\n\t\t<\/div>\n\t<\/div>\n<div class=\"vcex-spacing wpex-w-100 wpex-clear\" style=\"height:40px;\"><\/div><div class=\"vcex-grid-container vcex-module wpex-grid wpex-gap-20 wpex-grid-cols-1 wpex-lg-grid-cols-4 gbox\"><div class=\"vcex-module vcex-teaser wpex-flex wpex-flex-col wpex-text-center\"><div class=\"vcex-teaser-media wpex-mb-20 wpex-text-center\"><a href=\"https:\/\/cybershield-consulting.com\/en\/our-areas\/transport\/\" class=\"wpex-no-underline\" title=\"Consulting\"><img width=\"900\" height=\"478\" src=\"https:\/\/cybershield-consulting.com\/wp-content\/uploads\/2024\/03\/Railroas_900.webp\" class=\"wpex-align-middle\" alt=\"\" loading=\"lazy\" decoding=\"async\" srcset=\"https:\/\/cybershield-consulting.com\/wp-content\/uploads\/2024\/03\/Railroas_900.webp 900w, https:\/\/cybershield-consulting.com\/wp-content\/uploads\/2024\/03\/Railroas_900-300x159.webp 300w, https:\/\/cybershield-consulting.com\/wp-content\/uploads\/2024\/03\/Railroas_900-768x408.webp 768w, https:\/\/cybershield-consulting.com\/wp-content\/uploads\/2024\/03\/Railroas_900-18x10.webp 18w\" sizes=\"auto, (max-width: 900px) 100vw, 900px\" \/><\/a><\/div><div class=\"vcex-teaser-content\"><h3 class=\"vcex-teaser-heading wpex-heading wpex-text-lg\"><a href=\"https:\/\/cybershield-consulting.com\/en\/our-areas\/transport\/\" class=\"wpex-no-underline\" title=\"Consulting\">Transport<\/a><\/h3><div class=\"vcex-teaser-text wpex-mt-10 wpex-last-mb-0 wpex-clr\"><p>Predictive maintenance, networking and digitalization are increasing the attack surface of railroad systems. We protect railroads against current and future threats<\/p>\n<\/div><\/div><\/div><div class=\"vcex-module vcex-teaser wpex-flex wpex-flex-col wpex-text-center\"><div class=\"vcex-teaser-media wpex-mb-20 wpex-text-center\"><a href=\"https:\/\/cybershield-consulting.com\/en\/our-areas\/chemistry\/\" class=\"wpex-no-underline\" title=\"Consulting\"><img width=\"900\" height=\"478\" src=\"https:\/\/cybershield-consulting.com\/wp-content\/uploads\/2024\/03\/Chemie_900.webp\" class=\"wpex-align-middle\" alt=\"\" loading=\"lazy\" decoding=\"async\" srcset=\"https:\/\/cybershield-consulting.com\/wp-content\/uploads\/2024\/03\/Chemie_900.webp 900w, https:\/\/cybershield-consulting.com\/wp-content\/uploads\/2024\/03\/Chemie_900-300x159.webp 300w, https:\/\/cybershield-consulting.com\/wp-content\/uploads\/2024\/03\/Chemie_900-768x408.webp 768w, https:\/\/cybershield-consulting.com\/wp-content\/uploads\/2024\/03\/Chemie_900-18x10.webp 18w\" sizes=\"auto, (max-width: 900px) 100vw, 900px\" \/><\/a><\/div><div class=\"vcex-teaser-content\"><h3 class=\"vcex-teaser-heading wpex-heading wpex-text-lg\"><a href=\"https:\/\/cybershield-consulting.com\/en\/our-areas\/chemistry\/\" class=\"wpex-no-underline\" title=\"Consulting\">Chemistry<\/a><\/h3><div class=\"vcex-teaser-text wpex-mt-10 wpex-last-mb-0 wpex-clr\"><p>Are you interested in setting up an Information Security Management System (ISMS) for your company?<\/p>\n<\/div><\/div><\/div><div class=\"vcex-module vcex-teaser wpex-flex wpex-flex-col wpex-text-center\"><div class=\"vcex-teaser-media wpex-mb-20 wpex-text-center\"><a href=\"https:\/\/cybershield-consulting.com\/en\/our-services\/security-awareness\/\" class=\"wpex-no-underline\" title=\"Consulting\"><img width=\"900\" height=\"478\" src=\"https:\/\/cybershield-consulting.com\/wp-content\/uploads\/2024\/03\/home-Awareness.webp\" class=\"wpex-align-middle\" alt=\"\" loading=\"lazy\" decoding=\"async\" srcset=\"https:\/\/cybershield-consulting.com\/wp-content\/uploads\/2024\/03\/home-Awareness.webp 900w, https:\/\/cybershield-consulting.com\/wp-content\/uploads\/2024\/03\/home-Awareness-300x159.webp 300w, https:\/\/cybershield-consulting.com\/wp-content\/uploads\/2024\/03\/home-Awareness-768x408.webp 768w, https:\/\/cybershield-consulting.com\/wp-content\/uploads\/2024\/03\/home-Awareness-18x10.webp 18w\" sizes=\"auto, (max-width: 900px) 100vw, 900px\" \/><\/a><\/div><div class=\"vcex-teaser-content\"><h3 class=\"vcex-teaser-heading wpex-heading wpex-text-lg\"><a href=\"https:\/\/cybershield-consulting.com\/en\/our-services\/security-awareness\/\" class=\"wpex-no-underline\" title=\"Consulting\">Awareness<\/a><\/h3><div class=\"vcex-teaser-text wpex-mt-10 wpex-last-mb-0 wpex-clr\"><p>Customized security awareness modules help your employees understand cyberattack risks and make them the first line of defense for your company's security<\/p>\n<\/div><\/div><\/div><div class=\"vcex-module vcex-teaser wpex-flex wpex-flex-col wpex-text-center\"><div class=\"vcex-teaser-media wpex-mb-20 wpex-text-center\"><a href=\"https:\/\/cybershield-consulting.com\/en\/our-services\/training\/\" class=\"wpex-no-underline\" title=\"Consulting\"><img width=\"900\" height=\"478\" src=\"https:\/\/cybershield-consulting.com\/wp-content\/uploads\/2024\/03\/Training_900.webp\" class=\"wpex-align-middle\" alt=\"\" loading=\"lazy\" decoding=\"async\" srcset=\"https:\/\/cybershield-consulting.com\/wp-content\/uploads\/2024\/03\/Training_900.webp 900w, https:\/\/cybershield-consulting.com\/wp-content\/uploads\/2024\/03\/Training_900-300x159.webp 300w, https:\/\/cybershield-consulting.com\/wp-content\/uploads\/2024\/03\/Training_900-768x408.webp 768w, https:\/\/cybershield-consulting.com\/wp-content\/uploads\/2024\/03\/Training_900-18x10.webp 18w\" sizes=\"auto, (max-width: 900px) 100vw, 900px\" \/><\/a><\/div><div class=\"vcex-teaser-content\"><h3 class=\"vcex-teaser-heading wpex-heading wpex-text-lg\"><a href=\"https:\/\/cybershield-consulting.com\/en\/our-services\/training\/\" class=\"wpex-no-underline\" title=\"Consulting\">Training<\/a><\/h3><div class=\"vcex-teaser-text wpex-mt-10 wpex-last-mb-0 wpex-clr\"><p>We offer various categories of training in awareness, OT security, and engineering role courses. Additionally, you have the opportunity to obtain industry certifications for cybersecurity with us<\/p>\n<\/div><\/div><\/div><\/div><div class=\"vcex-spacing wpex-w-100 wpex-clear\" style=\"height:50px;\"><\/div><\/div><\/div><\/div><\/div><div class=\"vc_row wpb_row vc_row-fluid wpex-relative\"><div class=\"wpb_column vc_column_container vc_col-sm-12\"><div class=\"vc_column-inner\"><div class=\"wpb_wrapper\"><div class=\"vcex-spacing wpex-w-100 wpex-clear\" style=\"height:50px;\"><\/div><style>.vcex-image.vcex_6a01d18f92331{animation-duration:2s;}<\/style><figure class=\"vcex-image vcex-module wpex-text-center  wpb_animate_when_almost_visible wpb_fadeInUp fadeInUp vcex_6a01d18f92331\"><div class=\"vcex-image-inner wpex-relative wpex-inline-block\"><img width=\"300\" height=\"72\" src=\"https:\/\/cybershield-consulting.com\/wp-content\/uploads\/2024\/11\/logo_coloredwhite_300width.png\" class=\"vcex-image-img wpex-align-middle\" alt=\"\" loading=\"lazy\" decoding=\"async\" srcset=\"https:\/\/cybershield-consulting.com\/wp-content\/uploads\/2024\/11\/logo_coloredwhite_300width.png 300w, https:\/\/cybershield-consulting.com\/wp-content\/uploads\/2024\/11\/logo_coloredwhite_300width-18x4.png 18w\" sizes=\"auto, (max-width: 300px) 100vw, 300px\" \/><\/div><\/figure><div class=\"vcex-spacing wpex-w-100 wpex-clear\" style=\"height:50px;\"><\/div><\/div><\/div><\/div><\/div>\n<\/div>","protected":false},"excerpt":{"rendered":"DAS BIETEN WIR IHNEN Unsere Bereiche St\u00fcck f\u00fcr St\u00fcck sicherer Wir sind ein innovativer und pragmatischer IT-Security Dienstleister mit dem Fokus auf Operational Technologies. Zusammen mit unseren Kunden sorgen wir daf\u00fcr, dass die (industrielle) Welt St\u00fcck f\u00fcr St\u00fcck sicherer wird. Wir stehen f\u00fcr durchg\u00e4ngig hohe Qualit\u00e4t und Kundenorientierung. TransportPredictive Maintenance, Vernetzung und Digitalisierung vergr\u00f6\u00dfern die&hellip;","protected":false},"author":5,"featured_media":31789,"parent":0,"menu_order":0,"comment_status":"closed","ping_status":"closed","template":"","meta":{"content-type":"","footnotes":""},"class_list":["post-31772","page","type-page","status-publish","has-post-thumbnail","hentry","entry","has-media"],"yoast_head":"<!-- This site is optimized with the Yoast SEO plugin v27.5 - https:\/\/yoast.com\/product\/yoast-seo-wordpress\/ -->\n<title>Bereiche - OT \u2013 CyberSecurity<\/title>\n<meta name=\"robots\" content=\"index, follow, max-snippet:-1, max-image-preview:large, max-video-preview:-1\" \/>\n<link rel=\"canonical\" href=\"https:\/\/cybershield-consulting.com\/en\/our-areas\/\" \/>\n<meta property=\"og:locale\" content=\"en_GB\" \/>\n<meta property=\"og:type\" content=\"article\" \/>\n<meta property=\"og:title\" content=\"Bereiche - OT \u2013 CyberSecurity\" \/>\n<meta property=\"og:url\" content=\"https:\/\/cybershield-consulting.com\/en\/our-areas\/\" \/>\n<meta property=\"og:site_name\" content=\"OT \u2013 CyberSecurity\" \/>\n<meta property=\"article:modified_time\" content=\"2024-11-20T15:00:50+00:00\" \/>\n<meta property=\"og:image\" content=\"https:\/\/cybershield-consulting.com\/wp-content\/uploads\/2024\/03\/cyberspace-2784907_1920.webp\" \/>\n\t<meta property=\"og:image:width\" content=\"1920\" \/>\n\t<meta property=\"og:image:height\" content=\"700\" \/>\n\t<meta property=\"og:image:type\" content=\"image\/webp\" \/>\n<meta name=\"twitter:card\" content=\"summary_large_image\" \/>\n<meta name=\"twitter:label1\" content=\"Estimated reading time\" \/>\n\t<meta name=\"twitter:data1\" content=\"3 minutes\" \/>\n<script type=\"application\/ld+json\" class=\"yoast-schema-graph\">{\"@context\":\"https:\\\/\\\/schema.org\",\"@graph\":[{\"@type\":\"WebPage\",\"@id\":\"https:\\\/\\\/cybershield-consulting.com\\\/bereiche\\\/\",\"url\":\"https:\\\/\\\/cybershield-consulting.com\\\/bereiche\\\/\",\"name\":\"Bereiche - OT \u2013 CyberSecurity\",\"isPartOf\":{\"@id\":\"https:\\\/\\\/cybershield-consulting.com\\\/#website\"},\"primaryImageOfPage\":{\"@id\":\"https:\\\/\\\/cybershield-consulting.com\\\/bereiche\\\/#primaryimage\"},\"image\":{\"@id\":\"https:\\\/\\\/cybershield-consulting.com\\\/bereiche\\\/#primaryimage\"},\"thumbnailUrl\":\"https:\\\/\\\/cybershield-consulting.com\\\/wp-content\\\/uploads\\\/2024\\\/03\\\/cyberspace-2784907_1920.webp\",\"datePublished\":\"2024-03-19T14:15:41+00:00\",\"dateModified\":\"2024-11-20T15:00:50+00:00\",\"breadcrumb\":{\"@id\":\"https:\\\/\\\/cybershield-consulting.com\\\/bereiche\\\/#breadcrumb\"},\"inLanguage\":\"en-GB\",\"potentialAction\":[{\"@type\":\"ReadAction\",\"target\":[\"https:\\\/\\\/cybershield-consulting.com\\\/bereiche\\\/\"]}]},{\"@type\":\"ImageObject\",\"inLanguage\":\"en-GB\",\"@id\":\"https:\\\/\\\/cybershield-consulting.com\\\/bereiche\\\/#primaryimage\",\"url\":\"https:\\\/\\\/cybershield-consulting.com\\\/wp-content\\\/uploads\\\/2024\\\/03\\\/cyberspace-2784907_1920.webp\",\"contentUrl\":\"https:\\\/\\\/cybershield-consulting.com\\\/wp-content\\\/uploads\\\/2024\\\/03\\\/cyberspace-2784907_1920.webp\",\"width\":1920,\"height\":700},{\"@type\":\"BreadcrumbList\",\"@id\":\"https:\\\/\\\/cybershield-consulting.com\\\/bereiche\\\/#breadcrumb\",\"itemListElement\":[{\"@type\":\"ListItem\",\"position\":1,\"name\":\"Startseite\",\"item\":\"https:\\\/\\\/cybershield-consulting.com\\\/\"},{\"@type\":\"ListItem\",\"position\":2,\"name\":\"Bereiche\"}]},{\"@type\":\"WebSite\",\"@id\":\"https:\\\/\\\/cybershield-consulting.com\\\/#website\",\"url\":\"https:\\\/\\\/cybershield-consulting.com\\\/\",\"name\":\"CyberShield - OT - CyberSecurity\",\"description\":\"Secure every Moment\",\"publisher\":{\"@id\":\"https:\\\/\\\/cybershield-consulting.com\\\/#organization\"},\"potentialAction\":[{\"@type\":\"SearchAction\",\"target\":{\"@type\":\"EntryPoint\",\"urlTemplate\":\"https:\\\/\\\/cybershield-consulting.com\\\/?s={search_term_string}\"},\"query-input\":{\"@type\":\"PropertyValueSpecification\",\"valueRequired\":true,\"valueName\":\"search_term_string\"}}],\"inLanguage\":\"en-GB\"},{\"@type\":\"Organization\",\"@id\":\"https:\\\/\\\/cybershield-consulting.com\\\/#organization\",\"name\":\"CyberShield\",\"url\":\"https:\\\/\\\/cybershield-consulting.com\\\/\",\"logo\":{\"@type\":\"ImageObject\",\"inLanguage\":\"en-GB\",\"@id\":\"https:\\\/\\\/cybershield-consulting.com\\\/#\\\/schema\\\/logo\\\/image\\\/\",\"url\":\"https:\\\/\\\/cybershield-consulting.com\\\/wp-content\\\/uploads\\\/2024\\\/11\\\/logo_coloredwhite_300width.png\",\"contentUrl\":\"https:\\\/\\\/cybershield-consulting.com\\\/wp-content\\\/uploads\\\/2024\\\/11\\\/logo_coloredwhite_300width.png\",\"width\":300,\"height\":72,\"caption\":\"CyberShield\"},\"image\":{\"@id\":\"https:\\\/\\\/cybershield-consulting.com\\\/#\\\/schema\\\/logo\\\/image\\\/\"},\"sameAs\":[\"https:\\\/\\\/linkedin.com\\\/company\\\/cybershield-gmbh\\\/\"]}]}<\/script>\n<!-- \/ Yoast SEO plugin. -->","yoast_head_json":{"title":"Bereiche - OT \u2013 CyberSecurity","robots":{"index":"index","follow":"follow","max-snippet":"max-snippet:-1","max-image-preview":"max-image-preview:large","max-video-preview":"max-video-preview:-1"},"canonical":"https:\/\/cybershield-consulting.com\/en\/our-areas\/","og_locale":"en_GB","og_type":"article","og_title":"Bereiche - OT \u2013 CyberSecurity","og_url":"https:\/\/cybershield-consulting.com\/en\/our-areas\/","og_site_name":"OT \u2013 CyberSecurity","article_modified_time":"2024-11-20T15:00:50+00:00","og_image":[{"width":1920,"height":700,"url":"https:\/\/cybershield-consulting.com\/wp-content\/uploads\/2024\/03\/cyberspace-2784907_1920.webp","type":"image\/webp"}],"twitter_card":"summary_large_image","twitter_misc":{"Estimated reading time":"3 minutes"},"schema":{"@context":"https:\/\/schema.org","@graph":[{"@type":"WebPage","@id":"https:\/\/cybershield-consulting.com\/bereiche\/","url":"https:\/\/cybershield-consulting.com\/bereiche\/","name":"Bereiche - OT \u2013 CyberSecurity","isPartOf":{"@id":"https:\/\/cybershield-consulting.com\/#website"},"primaryImageOfPage":{"@id":"https:\/\/cybershield-consulting.com\/bereiche\/#primaryimage"},"image":{"@id":"https:\/\/cybershield-consulting.com\/bereiche\/#primaryimage"},"thumbnailUrl":"https:\/\/cybershield-consulting.com\/wp-content\/uploads\/2024\/03\/cyberspace-2784907_1920.webp","datePublished":"2024-03-19T14:15:41+00:00","dateModified":"2024-11-20T15:00:50+00:00","breadcrumb":{"@id":"https:\/\/cybershield-consulting.com\/bereiche\/#breadcrumb"},"inLanguage":"en-GB","potentialAction":[{"@type":"ReadAction","target":["https:\/\/cybershield-consulting.com\/bereiche\/"]}]},{"@type":"ImageObject","inLanguage":"en-GB","@id":"https:\/\/cybershield-consulting.com\/bereiche\/#primaryimage","url":"https:\/\/cybershield-consulting.com\/wp-content\/uploads\/2024\/03\/cyberspace-2784907_1920.webp","contentUrl":"https:\/\/cybershield-consulting.com\/wp-content\/uploads\/2024\/03\/cyberspace-2784907_1920.webp","width":1920,"height":700},{"@type":"BreadcrumbList","@id":"https:\/\/cybershield-consulting.com\/bereiche\/#breadcrumb","itemListElement":[{"@type":"ListItem","position":1,"name":"Startseite","item":"https:\/\/cybershield-consulting.com\/"},{"@type":"ListItem","position":2,"name":"Bereiche"}]},{"@type":"WebSite","@id":"https:\/\/cybershield-consulting.com\/#website","url":"https:\/\/cybershield-consulting.com\/","name":"CyberShield - OT - CyberSecurity","description":"Secure every Moment","publisher":{"@id":"https:\/\/cybershield-consulting.com\/#organization"},"potentialAction":[{"@type":"SearchAction","target":{"@type":"EntryPoint","urlTemplate":"https:\/\/cybershield-consulting.com\/?s={search_term_string}"},"query-input":{"@type":"PropertyValueSpecification","valueRequired":true,"valueName":"search_term_string"}}],"inLanguage":"en-GB"},{"@type":"Organization","@id":"https:\/\/cybershield-consulting.com\/#organization","name":"CyberShield","url":"https:\/\/cybershield-consulting.com\/","logo":{"@type":"ImageObject","inLanguage":"en-GB","@id":"https:\/\/cybershield-consulting.com\/#\/schema\/logo\/image\/","url":"https:\/\/cybershield-consulting.com\/wp-content\/uploads\/2024\/11\/logo_coloredwhite_300width.png","contentUrl":"https:\/\/cybershield-consulting.com\/wp-content\/uploads\/2024\/11\/logo_coloredwhite_300width.png","width":300,"height":72,"caption":"CyberShield"},"image":{"@id":"https:\/\/cybershield-consulting.com\/#\/schema\/logo\/image\/"},"sameAs":["https:\/\/linkedin.com\/company\/cybershield-gmbh\/"]}]}},"_links":{"self":[{"href":"https:\/\/cybershield-consulting.com\/en\/wp-json\/wp\/v2\/pages\/31772","targetHints":{"allow":["GET"]}}],"collection":[{"href":"https:\/\/cybershield-consulting.com\/en\/wp-json\/wp\/v2\/pages"}],"about":[{"href":"https:\/\/cybershield-consulting.com\/en\/wp-json\/wp\/v2\/types\/page"}],"author":[{"embeddable":true,"href":"https:\/\/cybershield-consulting.com\/en\/wp-json\/wp\/v2\/users\/5"}],"replies":[{"embeddable":true,"href":"https:\/\/cybershield-consulting.com\/en\/wp-json\/wp\/v2\/comments?post=31772"}],"version-history":[{"count":2,"href":"https:\/\/cybershield-consulting.com\/en\/wp-json\/wp\/v2\/pages\/31772\/revisions"}],"predecessor-version":[{"id":34049,"href":"https:\/\/cybershield-consulting.com\/en\/wp-json\/wp\/v2\/pages\/31772\/revisions\/34049"}],"wp:featuredmedia":[{"embeddable":true,"href":"https:\/\/cybershield-consulting.com\/en\/wp-json\/wp\/v2\/media\/31789"}],"wp:attachment":[{"href":"https:\/\/cybershield-consulting.com\/en\/wp-json\/wp\/v2\/media?parent=31772"}],"curies":[{"name":"wp","href":"https:\/\/api.w.org\/{rel}","templated":true}]}}