{"id":31852,"date":"2024-03-21T11:05:10","date_gmt":"2024-03-21T10:05:10","guid":{"rendered":"https:\/\/dev7.homepage-balingen.de\/?page_id=31852"},"modified":"2025-07-28T09:39:35","modified_gmt":"2025-07-28T07:39:35","slug":"security-awareness","status":"publish","type":"page","link":"https:\/\/cybershield-consulting.com\/en\/our-services\/security-awareness\/","title":{"rendered":"Security Awareness"},"content":{"rendered":"<div class=\"wpb-content-wrapper\"><div class=\"vc_row wpb_row vc_row-fluid headhero vc_custom_1711353245878 vc_row-o-content-bottom vc_row-flex wpex-vc-full-width-row wpex-relative wpex-vc_row-has-fill wpex-vc-reset-negative-margin\" style=\"min-height:40vh;background-position:50% 70%!important;background-size:cover!important;\"><div class=\"wpb_column vc_column_container vc_col-sm-12\"><div class=\"vc_column-inner\"><div class=\"wpb_wrapper\"><div class=\"vcex-spacing wpex-w-100 wpex-clear\" style=\"height:40px;\"><\/div><\/div><\/div><\/div><\/div><div class=\"vc_row wpb_row vc_row-fluid vc_row-o-equal-height vc_row-o-content-middle vc_row-flex wpex-vc-full-width-row wpex-vc-full-width-row--centered wpex-relative bg-fixed-top wpex-vc-bg-fixed wpex-vc-bg-top\" style=\"background-position:50% 0%!important;background-size:cover!important;\"><div class=\"wpb_column vc_column_container vc_col-sm-12\"><div class=\"vc_column-inner\"><div class=\"wpb_wrapper\"><div class=\"vcex-spacing wpex-w-100 wpex-clear\" style=\"height:40px;\"><\/div>\n\t<div style=\"font-size:15px;font-weight:600;text-align:center;\" class=\"wpb_text_column wpb_content_element\" >\n\t\t<div class=\"wpb_wrapper\">\n\t\t\t<p>OUR SERVICES<\/p>\n\n\t\t<\/div>\n\t<\/div>\n<div class=\"vcex-spacing wpex-w-100 wpex-clear\" style=\"height:20px;\"><\/div><div class=\"vc_separator wpb_content_element vc_separator_align_center vc_sep_width_20 vc_sep_border_width_4 vc_sep_pos_align_center vc_separator_no_text wpb_content_element  wpb_content_element wpb_animate_when_almost_visible wpb_fadeIn fadeIn wpb_animate_when_almost_visible wpb_fadeIn fadeIn\" ><span class=\"vc_sep_holder vc_sep_holder_l\"><span style=\"border-color:#bebfcd;\" class=\"vc_sep_line\"><\/span><\/span><span class=\"vc_sep_holder vc_sep_holder_r\"><span style=\"border-color:#bebfcd;\" class=\"vc_sep_line\"><\/span><\/span>\n<\/div><div class=\"vcex-spacing wpex-w-100 wpex-clear\" style=\"height:20px;\"><\/div><style>.vcex-heading.vcex_69fc44400b261{animation-duration:2s;}<\/style><h1 class=\"vcex-heading vcex-heading-plain vcex-module wpex-heading wpex-text-2xl wpex-text-center  wpb_animate_when_almost_visible wpb_fadeInUp fadeInUp vcex_69fc44400b261\"><span class=\"vcex-heading-inner wpex-inline-block\">Security awareness training for your company<\/span><\/h1><div class=\"vcex-spacing wpex-w-100 wpex-clear\" style=\"height:10px;\"><\/div><div class=\"vc_row wpb_row vc_inner vc_row-fluid vc_custom_1723210188458 vc_column-gap-25 vc_row-o-content-middle vc_row-flex wpex-relative\"><div class=\"wpb_column vc_column_container vc_col-sm-8\"><div class=\"vc_column-inner\"><div class=\"wpb_wrapper\">\n\t<div style=\"text-align:start;\" class=\"wpb_text_column wpb_content_element vc_custom_1724062588012\" >\n\t\t<div class=\"wpb_wrapper\">\n\t\t\t<p class=\"translation-block\">With <strong>tailored security awareness modules<\/strong> you can help your employees understand the risks of <strong>cyber attacks<\/strong>. This makes your employees the first line of defense for your company\u2019s cybersecurity.<\/p>\n<p class=\"translation-block\">Awareness of cyber threats is one of the most important security measures for companies. In <strong>Security Awareness Modules<\/strong> employees are confronted with a wide variety of cyber threats, such as phishing attacks via email. Trained employees who are aware of the threats know how to behave to minimize the risks. If security awareness is strong throughout the company, many threats to cybersecurity will be eliminated.<\/p>\n\n\t\t<\/div>\n\t<\/div>\n<div class=\"vcex-spacing wpex-w-100 wpex-clear\" style=\"height:40px;\"><\/div><a href=\"https:\/\/cybershield-consulting.com\/en\/contact\/\" class=\"vcex-button theme-button inline\"><span class=\"vcex-button-inner theme-button-inner wpex-flex wpex-flex-wrap wpex-items-center wpex-justify-center\">Request a security awareness module now<\/span><\/a> <\/div><\/div><\/div><div class=\"wpb_column ansprechpartnercont vc_column_container vc_col-sm-4\"><div class=\"vc_column-inner\"><div class=\"wpb_wrapper\"><style>.vcex-heading.vcex_69fc44400c0e4{animation-duration:2s;}<\/style><h3 class=\"vcex-heading vcex-heading-plain vcex-module wpex-heading wpex-text-2xl wpex-text-center vcex_69fc44400c0e4\"><span class=\"vcex-heading-inner wpex-inline-block\">Your contact person<\/span><\/h3><div class=\"vcex-spacing wpex-w-100 wpex-clear\" style=\"height:20px;\"><\/div><style>.vcex-image.vcex_69fc44400c3d1 .vcex-image-img{border-radius:var(--wpex-rounded-full);height:200px;}.vcex-image.vcex_69fc44400c3d1 .vcex-image-inner{max-width:200px;}<\/style><figure class=\"vcex-image vcex-module wpex-text-center vcex_69fc44400c3d1\"><div class=\"vcex-image-inner wpex-relative wpex-inline-block\"><img width=\"400\" height=\"385\" src=\"https:\/\/cybershield-consulting.com\/wp-content\/uploads\/2024\/03\/Design-ohne-Titel-79-1-400x385-1.jpg\" class=\"vcex-image-img wpex-align-middle wpex-object-cover\" alt=\"\" loading=\"lazy\" decoding=\"async\" srcset=\"https:\/\/cybershield-consulting.com\/wp-content\/uploads\/2024\/03\/Design-ohne-Titel-79-1-400x385-1.jpg 400w, https:\/\/cybershield-consulting.com\/wp-content\/uploads\/2024\/03\/Design-ohne-Titel-79-1-400x385-1-300x289.jpg 300w, https:\/\/cybershield-consulting.com\/wp-content\/uploads\/2024\/03\/Design-ohne-Titel-79-1-400x385-1-12x12.jpg 12w\" sizes=\"auto, (max-width: 400px) 100vw, 400px\" \/><\/div><\/figure><div class=\"vcex-spacing wpex-w-100 wpex-clear\" style=\"height:20px;\"><\/div>\n\t<div style=\"text-align:center;\" class=\"wpb_text_column wpb_content_element\" >\n\t\t<div class=\"wpb_wrapper\">\n\t\t\t<div class=\"wpb_text_column wpb_content_element\">\n<div class=\"wpb_wrapper\">\n<p>Serhii Salii<\/p>\n<p><span data-teams=\"true\"><span class=\"ui-provider a b c d e f g h i j k l m n o p q r s t u v w x y z ab ac ae af ag ah ai aj ak\" dir=\"ltr\">Cybersecurity Engineer<\/span><\/span><\/p>\n<\/div>\n<\/div>\n\n\t\t<\/div>\n\t<\/div>\n<\/div><\/div><\/div><\/div><div class=\"vcex-spacing wpex-w-100 wpex-clear\" style=\"height:40px;\"><\/div><\/div><\/div><\/div><\/div><div class=\"vc_row wpb_row vc_row-fluid wpex-relative\"><div class=\"wpb_column vc_column_container vc_col-sm-12\"><div class=\"vc_column-inner\"><div class=\"wpb_wrapper\"><h2 class=\"vcex-heading vcex-heading-plain vcex-module wpex-heading wpex-text-2xl wpex-text-center\"><span class=\"vcex-heading-inner wpex-inline-block\">Why cyber security awareness training?<\/span><\/h2><div class=\"vcex-spacing wpex-w-100 wpex-clear\" style=\"height:40px;\"><\/div><\/div><\/div><\/div><\/div><div class=\"vc_row wpb_row vc_row-fluid wpex-relative\"><div class=\"wpb_column vc_column_container vc_col-sm-12\"><div class=\"vc_column-inner\"><div class=\"wpb_wrapper\">\n\t<div style=\"line-height:var(--wpex-leading-relaxed);\" class=\"wpb_text_column wpb_content_element\" >\n\t\t<div class=\"wpb_wrapper\">\n\t\t\t<p class=\"translation-block\">The threat of cyberattacks is omnipresent in our digital world. In order to counter these dangers and be optimally prepared for the diverse risks, continuous protection and ongoing adaptation to evolving threats are essential. An effective method to make your company safer from cyber attacks is to optimally prepare your employees for the variety of cyber threats. Because <strong>sensitized and trained employees<\/strong> strengthen the <strong>cybersecurity<\/strong> of the entire company!<\/p>\n<ul>\n<li class=\"translation-block\"><strong>Targeted preparation<\/strong>: Security awareness programs from CyberShield prepare your employees for the diverse cyber threats that can come their way every day.<\/li>\n<li class=\"translation-block\"><strong>Prepare for industry-specific risks<\/strong>: Our tailored modules provide comprehensive training that specifically addresses risks facing your industry.<\/li>\n<li class=\"translation-block\"><strong>Individualization<\/strong>: The security awareness training courses can also be tailored specifically to your company.<\/li>\n<li><strong>Compliance<\/strong>: In many companies, specialist staff are sent to cybersecurity training courses once a year because this is the norm - but all too often, participants take little away with them. It is therefore important that the security awareness modules are interesting enough for them to really understand the risks and adapt their behavior to today's cybersecurity threat landscape.<\/li>\n<li><strong>Holistic awareness<\/strong>: The NIS2 directive means that company management must also be aware of cybersecurity, deal with the dangers and assess the risks for their own company. Company-wide cybersecurity awareness modules ensure that all employees in the company are adequately trained<\/li>\n<\/ul>\n\n\t\t<\/div>\n\t<\/div>\n<\/div><\/div><\/div><\/div><div class=\"vc_row wpb_row vc_row-fluid wpex-relative\"><div class=\"wpb_column vc_column_container vc_col-sm-12\"><div class=\"vc_column-inner\"><div class=\"wpb_wrapper\"><div class=\"vcex-spacing wpex-w-100 wpex-clear\" style=\"height:40px;\"><\/div><h2 class=\"vcex-heading vcex-heading-plain vcex-module wpex-heading wpex-text-2xl wpex-text-center\"><span class=\"vcex-heading-inner wpex-inline-block\">Our security awareness services at a glance:<\/span><\/h2><div class=\"vcex-spacing wpex-w-100 wpex-clear\" style=\"height:40px;\"><\/div><\/div><\/div><\/div><\/div><div class=\"vc_row wpb_row vc_row-fluid wpex-relative\"><div class=\"wpb_column vc_column_container vc_col-sm-12\"><div class=\"vc_column-inner\"><div class=\"wpb_wrapper\">\n\t<div style=\"line-height:var(--wpex-leading-relaxed);\" class=\"wpb_text_column wpb_content_element\" >\n\t\t<div class=\"wpb_wrapper\">\n\t\t\t<ol>\n<li class=\"translation-block\"><strong>Individual analysis: <\/strong>We start with a thorough analysis of your company. This allows us to identify specific and individual requirements. This analysis is the basis for the development of tailor-made and effective training modules.<\/li>\n<li class=\"translation-block\"><strong>Interactive training<\/strong>: Our interactive modules raise employee awareness of current threats such as phishing, malware and social engineering. Practical scenarios and exercises make the learning content tangible and immediately applicable.<\/li>\n<li><strong>Regular updates<\/strong>: Cyber threats are constantly and rapidly evolving. We therefore regularly update our training content and offer refresher courses. In this way, we ensure that your employees are always up to date with the latest threats and necessary countermeasures.<\/li>\n<li><strong>Modern learning techniques<\/strong>: Our security awareness modules use varied and practical learning methods to increase staff engagement and motivation. We attach great importance to taking a playful approach with our awareness training and giving employees the opportunity to discover for themselves how important cybersecurity is. The playful approach (gamification) in particular is a factor that should not be underestimated in order to convey to training participants in a subtle, subliminal and varied way how important cybersecurity is and how to deal correctly with the various threats.<\/li>\n<li class=\"translation-block\"><strong>Success monitoring and reporting<\/strong>: After completing the training, we provide detailed reports and analyzes. In this way, learning success can be measured and further optimization opportunities can be identified. This helps companies to continuously check and improve the progress of security awareness.<\/li>\n<\/ol>\n\n\t\t<\/div>\n\t<\/div>\n<div class=\"vcex-spacing wpex-w-100 wpex-clear\" style=\"height:40px;\"><\/div><h2 class=\"vcex-heading vcex-heading-plain vcex-module wpex-heading wpex-text-2xl wpex-text-center\"><span class=\"vcex-heading-inner wpex-inline-block\">What are the benefits of CyberShield security awareness training?<\/span><\/h2><div class=\"vcex-spacing wpex-w-100 wpex-clear\" style=\"height:40px;\"><\/div>\n\t<div style=\"line-height:var(--wpex-leading-relaxed);\" class=\"wpb_text_column wpb_content_element\" >\n\t\t<div class=\"wpb_wrapper\">\n\t\t\t<ul>\n<li><strong>Reduction of security incidents<\/strong>: Informed and trained specialists are less susceptible to cyber attacks and actively contribute to the security of the company.<\/li>\n<li class=\"translation-block\"><strong>Increased compliance<\/strong>: Our training programs support you in complying with regulations, requirements and standards.<\/li>\n<li class=\"translation-block\"><strong>Improved company culture<\/strong>: Raising cybersecurity awareness promotes a security culture that permeates the entire company.<\/li>\n<\/ul>\n<p class=\"translation-block\">Increase your company's cybersecurity and make your employees the first line of defense against threats! With our <strong>Security Awareness Modules<\/strong>, your employees are well prepared to meet the challenges of the digital world.<\/p>\n<ul>\n<li style=\"list-style-type: none;\"><\/li>\n<\/ul>\n\n\t\t<\/div>\n\t<\/div>\n<\/div><\/div><\/div><\/div><div class=\"vc_row wpb_row vc_row-fluid wpex-relative\"><div class=\"wpb_column vc_column_container vc_col-sm-12\"><div class=\"vc_column-inner\"><div class=\"wpb_wrapper\"><div class=\"vcex-spacing wpex-w-100 wpex-clear\" style=\"height:50px;\"><\/div><style>.vcex-image.vcex_69fc44400e80e{animation-duration:2s;}<\/style><figure class=\"vcex-image vcex-module wpex-text-center  wpb_animate_when_almost_visible wpb_fadeInUp fadeInUp vcex_69fc44400e80e\"><div class=\"vcex-image-inner wpex-relative wpex-inline-block\"><img width=\"300\" height=\"72\" src=\"https:\/\/cybershield-consulting.com\/wp-content\/uploads\/2024\/11\/logo_coloredwhite_300width.png\" class=\"vcex-image-img wpex-align-middle\" alt=\"\" loading=\"lazy\" decoding=\"async\" srcset=\"https:\/\/cybershield-consulting.com\/wp-content\/uploads\/2024\/11\/logo_coloredwhite_300width.png 300w, https:\/\/cybershield-consulting.com\/wp-content\/uploads\/2024\/11\/logo_coloredwhite_300width-18x4.png 18w\" sizes=\"auto, (max-width: 300px) 100vw, 300px\" \/><\/div><\/figure><div class=\"vcex-spacing wpex-w-100 wpex-clear\" style=\"height:50px;\"><\/div><\/div><\/div><\/div><\/div>\n<\/div>","protected":false},"excerpt":{"rendered":"UNSERE LEISTUNGEN Security Awareness Trainings f\u00fcr Ihr Unternehmen Mit ma\u00dfgeschneiderten Security Awareness Modulen unterst\u00fctzen Sie Ihre Mitarbeitenden dabei, die Risiken von Cyberangriffen zu verstehen. So werden diese zur ersten Verteidigungslinie f\u00fcr die Cybersecurity Ihres Unternehmens. Awareness f\u00fcr Cyberbedrohungen ist eine der wichtigsten Security-Ma\u00dfnahmen f\u00fcr Unternehmen. In Security Awareness Modulen werden Mitarbeitende mit den verschiedensten Cyberbedrohungen&hellip;","protected":false},"author":5,"featured_media":31887,"parent":31128,"menu_order":0,"comment_status":"closed","ping_status":"closed","template":"","meta":{"content-type":"","footnotes":""},"class_list":["post-31852","page","type-page","status-publish","has-post-thumbnail","hentry","entry","has-media"],"yoast_head":"<!-- This site is optimized with the Yoast SEO plugin v27.4 - https:\/\/yoast.com\/product\/yoast-seo-wordpress\/ -->\n<title>Security Awareness - OT \u2013 CyberSecurity<\/title>\n<meta name=\"robots\" content=\"index, follow, max-snippet:-1, max-image-preview:large, max-video-preview:-1\" \/>\n<link rel=\"canonical\" href=\"https:\/\/cybershield-consulting.com\/en\/our-services\/security-awareness\/\" \/>\n<meta property=\"og:locale\" content=\"en_GB\" \/>\n<meta property=\"og:type\" content=\"article\" \/>\n<meta property=\"og:title\" content=\"Security Awareness - OT \u2013 CyberSecurity\" \/>\n<meta property=\"og:url\" content=\"https:\/\/cybershield-consulting.com\/en\/our-services\/security-awareness\/\" \/>\n<meta property=\"og:site_name\" content=\"OT \u2013 CyberSecurity\" \/>\n<meta property=\"article:modified_time\" content=\"2025-07-28T07:39:35+00:00\" \/>\n<meta property=\"og:image\" content=\"https:\/\/cybershield-consulting.com\/wp-content\/uploads\/2024\/03\/Awareness-1.webp\" \/>\n\t<meta property=\"og:image:width\" content=\"1920\" \/>\n\t<meta property=\"og:image:height\" content=\"700\" \/>\n\t<meta property=\"og:image:type\" content=\"image\/webp\" \/>\n<meta name=\"twitter:card\" content=\"summary_large_image\" \/>\n<meta name=\"twitter:label1\" content=\"Estimated reading time\" \/>\n\t<meta name=\"twitter:data1\" content=\"5 minutes\" \/>\n<script type=\"application\/ld+json\" class=\"yoast-schema-graph\">{\"@context\":\"https:\\\/\\\/schema.org\",\"@graph\":[{\"@type\":\"WebPage\",\"@id\":\"https:\\\/\\\/cybershield-consulting.com\\\/leistungen\\\/security-awareness\\\/\",\"url\":\"https:\\\/\\\/cybershield-consulting.com\\\/leistungen\\\/security-awareness\\\/\",\"name\":\"Security Awareness - OT \u2013 CyberSecurity\",\"isPartOf\":{\"@id\":\"https:\\\/\\\/cybershield-consulting.com\\\/#website\"},\"primaryImageOfPage\":{\"@id\":\"https:\\\/\\\/cybershield-consulting.com\\\/leistungen\\\/security-awareness\\\/#primaryimage\"},\"image\":{\"@id\":\"https:\\\/\\\/cybershield-consulting.com\\\/leistungen\\\/security-awareness\\\/#primaryimage\"},\"thumbnailUrl\":\"https:\\\/\\\/cybershield-consulting.com\\\/wp-content\\\/uploads\\\/2024\\\/03\\\/Awareness-1.webp\",\"datePublished\":\"2024-03-21T10:05:10+00:00\",\"dateModified\":\"2025-07-28T07:39:35+00:00\",\"breadcrumb\":{\"@id\":\"https:\\\/\\\/cybershield-consulting.com\\\/leistungen\\\/security-awareness\\\/#breadcrumb\"},\"inLanguage\":\"en-GB\",\"potentialAction\":[{\"@type\":\"ReadAction\",\"target\":[\"https:\\\/\\\/cybershield-consulting.com\\\/leistungen\\\/security-awareness\\\/\"]}]},{\"@type\":\"ImageObject\",\"inLanguage\":\"en-GB\",\"@id\":\"https:\\\/\\\/cybershield-consulting.com\\\/leistungen\\\/security-awareness\\\/#primaryimage\",\"url\":\"https:\\\/\\\/cybershield-consulting.com\\\/wp-content\\\/uploads\\\/2024\\\/03\\\/Awareness-1.webp\",\"contentUrl\":\"https:\\\/\\\/cybershield-consulting.com\\\/wp-content\\\/uploads\\\/2024\\\/03\\\/Awareness-1.webp\",\"width\":1920,\"height\":700},{\"@type\":\"BreadcrumbList\",\"@id\":\"https:\\\/\\\/cybershield-consulting.com\\\/leistungen\\\/security-awareness\\\/#breadcrumb\",\"itemListElement\":[{\"@type\":\"ListItem\",\"position\":1,\"name\":\"Startseite\",\"item\":\"https:\\\/\\\/cybershield-consulting.com\\\/\"},{\"@type\":\"ListItem\",\"position\":2,\"name\":\"Leistungen\",\"item\":\"https:\\\/\\\/cybershield-consulting.com\\\/leistungen\\\/\"},{\"@type\":\"ListItem\",\"position\":3,\"name\":\"Security Awareness\"}]},{\"@type\":\"WebSite\",\"@id\":\"https:\\\/\\\/cybershield-consulting.com\\\/#website\",\"url\":\"https:\\\/\\\/cybershield-consulting.com\\\/\",\"name\":\"CyberShield - OT - CyberSecurity\",\"description\":\"Secure every Moment\",\"publisher\":{\"@id\":\"https:\\\/\\\/cybershield-consulting.com\\\/#organization\"},\"potentialAction\":[{\"@type\":\"SearchAction\",\"target\":{\"@type\":\"EntryPoint\",\"urlTemplate\":\"https:\\\/\\\/cybershield-consulting.com\\\/?s={search_term_string}\"},\"query-input\":{\"@type\":\"PropertyValueSpecification\",\"valueRequired\":true,\"valueName\":\"search_term_string\"}}],\"inLanguage\":\"en-GB\"},{\"@type\":\"Organization\",\"@id\":\"https:\\\/\\\/cybershield-consulting.com\\\/#organization\",\"name\":\"CyberShield\",\"url\":\"https:\\\/\\\/cybershield-consulting.com\\\/\",\"logo\":{\"@type\":\"ImageObject\",\"inLanguage\":\"en-GB\",\"@id\":\"https:\\\/\\\/cybershield-consulting.com\\\/#\\\/schema\\\/logo\\\/image\\\/\",\"url\":\"https:\\\/\\\/cybershield-consulting.com\\\/wp-content\\\/uploads\\\/2024\\\/11\\\/logo_coloredwhite_300width.png\",\"contentUrl\":\"https:\\\/\\\/cybershield-consulting.com\\\/wp-content\\\/uploads\\\/2024\\\/11\\\/logo_coloredwhite_300width.png\",\"width\":300,\"height\":72,\"caption\":\"CyberShield\"},\"image\":{\"@id\":\"https:\\\/\\\/cybershield-consulting.com\\\/#\\\/schema\\\/logo\\\/image\\\/\"},\"sameAs\":[\"https:\\\/\\\/linkedin.com\\\/company\\\/cybershield-gmbh\\\/\"]}]}<\/script>\n<!-- \/ Yoast SEO plugin. -->","yoast_head_json":{"title":"Security Awareness - OT \u2013 CyberSecurity","robots":{"index":"index","follow":"follow","max-snippet":"max-snippet:-1","max-image-preview":"max-image-preview:large","max-video-preview":"max-video-preview:-1"},"canonical":"https:\/\/cybershield-consulting.com\/en\/our-services\/security-awareness\/","og_locale":"en_GB","og_type":"article","og_title":"Security Awareness - OT \u2013 CyberSecurity","og_url":"https:\/\/cybershield-consulting.com\/en\/our-services\/security-awareness\/","og_site_name":"OT \u2013 CyberSecurity","article_modified_time":"2025-07-28T07:39:35+00:00","og_image":[{"width":1920,"height":700,"url":"https:\/\/cybershield-consulting.com\/wp-content\/uploads\/2024\/03\/Awareness-1.webp","type":"image\/webp"}],"twitter_card":"summary_large_image","twitter_misc":{"Estimated reading time":"5 minutes"},"schema":{"@context":"https:\/\/schema.org","@graph":[{"@type":"WebPage","@id":"https:\/\/cybershield-consulting.com\/leistungen\/security-awareness\/","url":"https:\/\/cybershield-consulting.com\/leistungen\/security-awareness\/","name":"Security Awareness - OT \u2013 CyberSecurity","isPartOf":{"@id":"https:\/\/cybershield-consulting.com\/#website"},"primaryImageOfPage":{"@id":"https:\/\/cybershield-consulting.com\/leistungen\/security-awareness\/#primaryimage"},"image":{"@id":"https:\/\/cybershield-consulting.com\/leistungen\/security-awareness\/#primaryimage"},"thumbnailUrl":"https:\/\/cybershield-consulting.com\/wp-content\/uploads\/2024\/03\/Awareness-1.webp","datePublished":"2024-03-21T10:05:10+00:00","dateModified":"2025-07-28T07:39:35+00:00","breadcrumb":{"@id":"https:\/\/cybershield-consulting.com\/leistungen\/security-awareness\/#breadcrumb"},"inLanguage":"en-GB","potentialAction":[{"@type":"ReadAction","target":["https:\/\/cybershield-consulting.com\/leistungen\/security-awareness\/"]}]},{"@type":"ImageObject","inLanguage":"en-GB","@id":"https:\/\/cybershield-consulting.com\/leistungen\/security-awareness\/#primaryimage","url":"https:\/\/cybershield-consulting.com\/wp-content\/uploads\/2024\/03\/Awareness-1.webp","contentUrl":"https:\/\/cybershield-consulting.com\/wp-content\/uploads\/2024\/03\/Awareness-1.webp","width":1920,"height":700},{"@type":"BreadcrumbList","@id":"https:\/\/cybershield-consulting.com\/leistungen\/security-awareness\/#breadcrumb","itemListElement":[{"@type":"ListItem","position":1,"name":"Startseite","item":"https:\/\/cybershield-consulting.com\/"},{"@type":"ListItem","position":2,"name":"Leistungen","item":"https:\/\/cybershield-consulting.com\/leistungen\/"},{"@type":"ListItem","position":3,"name":"Security Awareness"}]},{"@type":"WebSite","@id":"https:\/\/cybershield-consulting.com\/#website","url":"https:\/\/cybershield-consulting.com\/","name":"CyberShield - OT - CyberSecurity","description":"Secure every Moment","publisher":{"@id":"https:\/\/cybershield-consulting.com\/#organization"},"potentialAction":[{"@type":"SearchAction","target":{"@type":"EntryPoint","urlTemplate":"https:\/\/cybershield-consulting.com\/?s={search_term_string}"},"query-input":{"@type":"PropertyValueSpecification","valueRequired":true,"valueName":"search_term_string"}}],"inLanguage":"en-GB"},{"@type":"Organization","@id":"https:\/\/cybershield-consulting.com\/#organization","name":"CyberShield","url":"https:\/\/cybershield-consulting.com\/","logo":{"@type":"ImageObject","inLanguage":"en-GB","@id":"https:\/\/cybershield-consulting.com\/#\/schema\/logo\/image\/","url":"https:\/\/cybershield-consulting.com\/wp-content\/uploads\/2024\/11\/logo_coloredwhite_300width.png","contentUrl":"https:\/\/cybershield-consulting.com\/wp-content\/uploads\/2024\/11\/logo_coloredwhite_300width.png","width":300,"height":72,"caption":"CyberShield"},"image":{"@id":"https:\/\/cybershield-consulting.com\/#\/schema\/logo\/image\/"},"sameAs":["https:\/\/linkedin.com\/company\/cybershield-gmbh\/"]}]}},"_links":{"self":[{"href":"https:\/\/cybershield-consulting.com\/en\/wp-json\/wp\/v2\/pages\/31852","targetHints":{"allow":["GET"]}}],"collection":[{"href":"https:\/\/cybershield-consulting.com\/en\/wp-json\/wp\/v2\/pages"}],"about":[{"href":"https:\/\/cybershield-consulting.com\/en\/wp-json\/wp\/v2\/types\/page"}],"author":[{"embeddable":true,"href":"https:\/\/cybershield-consulting.com\/en\/wp-json\/wp\/v2\/users\/5"}],"replies":[{"embeddable":true,"href":"https:\/\/cybershield-consulting.com\/en\/wp-json\/wp\/v2\/comments?post=31852"}],"version-history":[{"count":7,"href":"https:\/\/cybershield-consulting.com\/en\/wp-json\/wp\/v2\/pages\/31852\/revisions"}],"predecessor-version":[{"id":34438,"href":"https:\/\/cybershield-consulting.com\/en\/wp-json\/wp\/v2\/pages\/31852\/revisions\/34438"}],"up":[{"embeddable":true,"href":"https:\/\/cybershield-consulting.com\/en\/wp-json\/wp\/v2\/pages\/31128"}],"wp:featuredmedia":[{"embeddable":true,"href":"https:\/\/cybershield-consulting.com\/en\/wp-json\/wp\/v2\/media\/31887"}],"wp:attachment":[{"href":"https:\/\/cybershield-consulting.com\/en\/wp-json\/wp\/v2\/media?parent=31852"}],"curies":[{"name":"wp","href":"https:\/\/api.w.org\/{rel}","templated":true}]}}